{"id":1337,"date":"2019-05-02T14:43:52","date_gmt":"2019-05-02T12:43:52","guid":{"rendered":"http:\/\/cd67tt.com\/?page_id=1337"},"modified":"2025-04-20T20:55:21","modified_gmt":"2025-04-20T18:55:21","slug":"reglements-des-competitions-departementales","status":"publish","type":"page","link":"https:\/\/cd67tt.com\/index.php\/reglements-des-competitions-departementales\/","title":{"rendered":"R\u00e8glements d\u00e9partementaux"},"content":{"rendered":"\n<div class=\"wp-block-columns alignfull has-text-color has-background is-layout-flex wp-container-core-columns-is-layout-9d6595d7 wp-block-columns-is-layout-flex\" style=\"color:#000000;background-color:#ffffff\">\n<div class=\"wp-block-column is-layout-flow wp-block-column-is-layout-flow\">\n<figure class=\"wp-block-image size-large\"><img loading=\"lazy\" decoding=\"async\" width=\"1024\" height=\"576\" src=\"https:\/\/cd67tt.com\/wp-content\/uploads\/2024\/09\/1-1-1024x576.jpg\" alt=\"\" class=\"wp-image-4929\" srcset=\"https:\/\/cd67tt.com\/wp-content\/uploads\/2024\/09\/1-1-1024x576.jpg 1024w, https:\/\/cd67tt.com\/wp-content\/uploads\/2024\/09\/1-1-300x169.jpg 300w, https:\/\/cd67tt.com\/wp-content\/uploads\/2024\/09\/1-1-768x432.jpg 768w, https:\/\/cd67tt.com\/wp-content\/uploads\/2024\/09\/1-1-1536x864.jpg 1536w, https:\/\/cd67tt.com\/wp-content\/uploads\/2024\/09\/1-1.jpg 1920w\" sizes=\"auto, (max-width: 1024px) 100vw, 1024px\" \/><\/figure>\n\n\n\n<h3 class=\"wp-block-heading has-text-align-center\" style=\"font-size:24px;line-height:1.3\"><strong><a href=\"https:\/\/cd67tt.com\/wp-content\/uploads\/2025\/02\/Reglements-Sportifs-Departementaux-CD67TT-2024-2025-6.pdf\" data-type=\"link\" data-id=\"https:\/\/cd67tt.com\/wp-content\/uploads\/2025\/02\/Reglements-Sportifs-Departementaux-CD67TT-2024-2025-6.pdf\" target=\"_blank\" rel=\"noreferrer noopener\">R\u00e8glements Sportifs d\u00e9partementaux \u2197<\/a><\/strong><\/h3>\n\n\n\n<p class=\"has-text-align-center\">Soyez inform\u00e9s des diff\u00e9rents r\u00e8glements d\u00e9partementaux.<\/p>\n<\/div>\n\n\n\n<div class=\"wp-block-column is-layout-flow wp-block-column-is-layout-flow\">\n<figure class=\"wp-block-image size-large\"><img loading=\"lazy\" decoding=\"async\" width=\"1024\" height=\"576\" src=\"https:\/\/cd67tt.com\/wp-content\/uploads\/2024\/09\/2-1-1024x576.jpg\" alt=\"\" class=\"wp-image-4930\" srcset=\"https:\/\/cd67tt.com\/wp-content\/uploads\/2024\/09\/2-1-1024x576.jpg 1024w, https:\/\/cd67tt.com\/wp-content\/uploads\/2024\/09\/2-1-300x169.jpg 300w, https:\/\/cd67tt.com\/wp-content\/uploads\/2024\/09\/2-1-768x432.jpg 768w, https:\/\/cd67tt.com\/wp-content\/uploads\/2024\/09\/2-1-1536x864.jpg 1536w, https:\/\/cd67tt.com\/wp-content\/uploads\/2024\/09\/2-1.jpg 1920w\" sizes=\"auto, (max-width: 1024px) 100vw, 1024px\" \/><\/figure>\n\n\n\n<h3 class=\"wp-block-heading has-text-align-center\" style=\"font-size:24px;line-height:1.3\"><strong><a href=\"https:\/\/cd67tt.com\/wp-content\/uploads\/2024\/09\/catalogue-des-competitions-CDTT67.pdf\" target=\"_blank\" rel=\"noreferrer noopener\">Pr\u00e9sentation des comp\u00e9titions \u2197<\/a><\/strong><\/h3>\n\n\n\n<p class=\"has-text-align-center\">D\u00e9couvrez nos diff\u00e9rentes comp\u00e9titions d\u00e9partementales.<\/p>\n<\/div>\n\n\n\n<div class=\"wp-block-column is-layout-flow wp-block-column-is-layout-flow\">\n<figure class=\"wp-block-image size-large\"><img loading=\"lazy\" decoding=\"async\" width=\"1024\" height=\"576\" src=\"https:\/\/cd67tt.com\/wp-content\/uploads\/2024\/09\/3-1-1024x576.jpg\" alt=\"\" class=\"wp-image-4931\" srcset=\"https:\/\/cd67tt.com\/wp-content\/uploads\/2024\/09\/3-1-1024x576.jpg 1024w, https:\/\/cd67tt.com\/wp-content\/uploads\/2024\/09\/3-1-300x169.jpg 300w, https:\/\/cd67tt.com\/wp-content\/uploads\/2024\/09\/3-1-768x432.jpg 768w, https:\/\/cd67tt.com\/wp-content\/uploads\/2024\/09\/3-1-1536x864.jpg 1536w, https:\/\/cd67tt.com\/wp-content\/uploads\/2024\/09\/3-1.jpg 1920w\" sizes=\"auto, (max-width: 1024px) 100vw, 1024px\" \/><\/figure>\n\n\n\n<h3 class=\"wp-block-heading has-text-align-center\" style=\"font-size:24px;line-height:1.3\"><strong><a href=\"https:\/\/cd67tt.com\/wp-content\/uploads\/2024\/09\/CD67TT-Offre-competitive.pdf\" target=\"_blank\" rel=\"noreferrer noopener\">Affiche des comp\u00e9titions \u2197<\/a><\/strong><\/h3>\n\n\n\n<p class=\"has-text-align-center\">Affichez ce visuel dans votre club.<\/p>\n<\/div>\n<\/div>\n\n\n\n<div class=\"wp-block-columns is-layout-flex wp-container-core-columns-is-layout-9d6595d7 wp-block-columns-is-layout-flex\">\n<div class=\"wp-block-column is-layout-flow wp-block-column-is-layout-flow\" style=\"flex-basis:100%\">\n<div class=\"wp-block-group\"><div class=\"wp-block-group__inner-container is-layout-constrained wp-block-group-is-layout-constrained\">\n<div class=\"wp-block-columns are-vertically-aligned-top is-layout-flex wp-container-core-columns-is-layout-9d6595d7 wp-block-columns-is-layout-flex\">\n<div class=\"wp-block-column is-vertically-aligned-top is-layout-flow wp-block-column-is-layout-flow\">\n<figure class=\"wp-block-image size-full\"><img loading=\"lazy\" decoding=\"async\" width=\"840\" height=\"480\" src=\"https:\/\/cd67tt.com\/wp-content\/uploads\/2025\/04\/CD67TT-Championnat-par-equipes-jeunes-24-25-Resultats-840x480-1.png\" alt=\"\" class=\"wp-image-5489\" srcset=\"https:\/\/cd67tt.com\/wp-content\/uploads\/2025\/04\/CD67TT-Championnat-par-equipes-jeunes-24-25-Resultats-840x480-1.png 840w, https:\/\/cd67tt.com\/wp-content\/uploads\/2025\/04\/CD67TT-Championnat-par-equipes-jeunes-24-25-Resultats-840x480-1-300x171.png 300w, https:\/\/cd67tt.com\/wp-content\/uploads\/2025\/04\/CD67TT-Championnat-par-equipes-jeunes-24-25-Resultats-840x480-1-768x439.png 768w\" sizes=\"auto, (max-width: 840px) 100vw, 840px\" \/><\/figure>\n\n\n\n<h2 class=\"wp-block-heading\" style=\"font-size:24px\"><a href=\"https:\/\/cd67tt.com\/wp-content\/uploads\/2025\/04\/Procedures-GIRPE-Champ-jeunes-CD67TT.pdf\">Champ. jeunes &#8211; Proc\u00e9dures GIRPE<\/a><\/h2>\n\n\n\n<p>R\u00e9cup\u00e9ration et exportation des r\u00e9sultats vers SPID \u00e0 partir de GIRPE pour les JAs.<\/p>\n<\/div>\n\n\n\n<div class=\"wp-block-column is-vertically-aligned-top is-layout-flow wp-block-column-is-layout-flow\"><\/div>\n\n\n\n<div class=\"wp-block-column is-vertically-aligned-top is-layout-flow wp-block-column-is-layout-flow\"><\/div>\n<\/div>\n<\/div><\/div>\n<\/div>\n<\/div>\n\n\n\n<p><\/p>\n","protected":false},"excerpt":{"rendered":"<p>R\u00e8glements Sportifs d\u00e9partementaux \u2197 Soyez inform\u00e9s des diff\u00e9rents r\u00e8glements d\u00e9partementaux. Pr\u00e9sentation des comp\u00e9titions \u2197 D\u00e9couvrez nos diff\u00e9rentes comp\u00e9titions d\u00e9partementales. Affiche des comp\u00e9titions \u2197 Affichez ce visuel dans votre club. Champ. jeunes &#8211; Proc\u00e9dures GIRPE R\u00e9cup\u00e9ration et exportation des r\u00e9sultats vers SPID \u00e0 partir de GIRPE pour les JAs.<\/p>\n","protected":false},"author":2,"featured_media":0,"parent":0,"menu_order":0,"comment_status":"closed","ping_status":"closed","template":"","meta":{"footnotes":""},"class_list":["post-1337","page","type-page","status-publish","hentry"],"_links":{"self":[{"href":"https:\/\/cd67tt.com\/index.php\/wp-json\/wp\/v2\/pages\/1337","targetHints":{"allow":["GET"]}}],"collection":[{"href":"https:\/\/cd67tt.com\/index.php\/wp-json\/wp\/v2\/pages"}],"about":[{"href":"https:\/\/cd67tt.com\/index.php\/wp-json\/wp\/v2\/types\/page"}],"author":[{"embeddable":true,"href":"https:\/\/cd67tt.com\/index.php\/wp-json\/wp\/v2\/users\/2"}],"replies":[{"embeddable":true,"href":"https:\/\/cd67tt.com\/index.php\/wp-json\/wp\/v2\/comments?post=1337"}],"version-history":[{"count":12,"href":"https:\/\/cd67tt.com\/index.php\/wp-json\/wp\/v2\/pages\/1337\/revisions"}],"predecessor-version":[{"id":5490,"href":"https:\/\/cd67tt.com\/index.php\/wp-json\/wp\/v2\/pages\/1337\/revisions\/5490"}],"wp:attachment":[{"href":"https:\/\/cd67tt.com\/index.php\/wp-json\/wp\/v2\/media?parent=1337"}],"curies":[{"name":"wp","href":"https:\/\/api.w.org\/{rel}","templated":true}]}}