{"id":134,"date":"2018-11-07T09:58:22","date_gmt":"2018-11-07T08:58:22","guid":{"rendered":"http:\/\/cd67tt.com\/?page_id=134"},"modified":"2024-10-01T16:29:32","modified_gmt":"2024-10-01T14:29:32","slug":"entraineurs-animateurs","status":"publish","type":"page","link":"https:\/\/cd67tt.com\/index.php\/entraineurs-animateurs\/","title":{"rendered":"Entraineurs &#8211; animateurs"},"content":{"rendered":"<h2 class=\"Default\"><img loading=\"lazy\" decoding=\"async\" class=\"alignright size-medium wp-image-335\" src=\"https:\/\/cd67tt.com\/wp-content\/uploads\/2018\/11\/Logo-FFTT-300x194.jpg\" alt=\"\" width=\"300\" height=\"194\" srcset=\"https:\/\/cd67tt.com\/wp-content\/uploads\/2018\/11\/Logo-FFTT-300x194.jpg 300w, https:\/\/cd67tt.com\/wp-content\/uploads\/2018\/11\/Logo-FFTT-768x497.jpg 768w, https:\/\/cd67tt.com\/wp-content\/uploads\/2018\/11\/Logo-FFTT-1024x663.jpg 1024w, https:\/\/cd67tt.com\/wp-content\/uploads\/2018\/11\/Logo-FFTT.jpg 1650w\" sizes=\"auto, (max-width: 300px) 100vw, 300px\" \/>Pr\u00e9sentation g\u00e9n\u00e9rale<\/h2>\n<p class=\"Default\">La fili\u00e8re f\u00e9d\u00e9rale de formation, creuset de nos formations b\u00e9n\u00e9voles, doit permettre \u00e0 nos licenci\u00e9s d\u2019affiner progressivement l\u2019encadrement des diff\u00e9rents publics dans nos clubs.<\/p>\n<p class=\"Default\"><em>Pour cela, il nous est apparu essentiel d\u2019insister sur deux aspects\u00a0:\u00a0<strong>accueil \/animation selon les publics<\/strong>\u00a0et\u00a0<strong>entra\u00eenement.<\/strong><\/em><\/p>\n<p>3 niveaux progressifs de formation ont ainsi \u00e9t\u00e9 mis en place :<\/p>\n<ul>\n<li>initiateur de club<\/li>\n<li>animateur f\u00e9d\u00e9ral<\/li>\n<li>entraineur f\u00e9d\u00e9ral<\/li>\n<\/ul>\n<p>Une plateforme en ligne avec des supports de formation a \u00e9galement \u00e9t\u00e9 mis en place au lien suivant :<\/p>\n<p><strong><a href=\"http:\/\/perftt2.univ-lyon1.fr\/webapp\/website\/website.html?id=72012&amp;read=true\" target=\"_blank\" rel=\"noopener noreferrer\">Espace de la fili\u00e8re f\u00e9d\u00e9rale de formation<\/a><\/strong><\/p>\n<hr \/>\n<p>Un guide pour les formateurs techniques est disponible pour expliquer l&rsquo;esprit de la r\u00e9forme (juin 2018) et les diff\u00e9rents temps et contenus des diff\u00e9rentes formations : <a href=\"https:\/\/fr.calameo.com\/read\/004224089a483c143f468\" target=\"_blank\" rel=\"noopener noreferrer\">lien vers le guide<\/a><\/p>\n<hr \/>\n<p><strong><span style=\"color: #ff0000;\">Si au sein de votre club une demande en formation \u00e9mane d&rsquo;un ou plusieurs de vos licenci\u00e9s merci de contacter Thierry WICK &#8211; <a href=\"mailto:thierry.wick@lgett.fr\" target=\"_blank\" rel=\"noopener\">thierry.wick@lgett.fr<\/a><\/span><\/strong><\/p>\n<p>Il est tout \u00e0 fait possible de proposer une formation directement dans votre club.<\/p>\n\n\n<hr class=\"wp-block-separator has-css-opacity\"\/>\n\n\n\n<h2 class=\"wp-block-heading\">Initiateur de club<\/h2>\n\n\n\n<p class=\"has-black-color has-text-color\">La formation Initiateur de Club (IC), premier \u00e9chelon de la fili\u00e8re f\u00e9d\u00e9rale de formation, est assur\u00e9e par le Comit\u00e9 D\u00e9partemental de Tennis de Table du Bas-Rhin. Les \u00e9chelons suivants sont quant \u00e0 eux assur\u00e9s par la Ligue du Grand Est de Tennis de Table.<\/p>\n\n\n\n<p>Ainsi, vous retrouverez les informations pratiques de ces formations sur les sites internet respectifs du comit\u00e9 et de la ligue :<\/p>\n\n\n\n<ul class=\"wp-block-list\">\n<li><a rel=\"noreferrer noopener\" href=\"https:\/\/cd67tt.com\/index.php\/category\/initiateur-de-club\/\" target=\"_blank\">Initiateur de Club<\/a><\/li>\n\n\n\n<li><a rel=\"noreferrer noopener\" href=\"https:\/\/www.lgett.fr\/formation\/technique\/animateur-federal\" target=\"_blank\">Animateur F\u00e9d\u00e9ral<\/a><\/li>\n\n\n\n<li><a href=\"https:\/\/www.lgett.fr\/formation\/technique\/entraineur-federal\" target=\"_blank\" rel=\"noreferrer noopener\">Entraineur F\u00e9d\u00e9ral<\/a><\/li>\n<\/ul>\n\n\n\n<h4 class=\"wp-block-heading\">Contexte et enjeux<\/h4>\n\n\n\n<figure class=\"wp-block-table\"><table><tbody><tr><td>Contexte<\/td><td>\u00ab La forte baisse de nos form\u00e9s, apr\u00e8s l\u2019exp\u00e9rimentation d\u2019un cursus \u00e0 deux niveaux, nous permet de confirmer la n\u00e9cessit\u00e9 de revenir \u00e0 une fili\u00e8re \u00e0 trois niveaux. \u00bb le DTN Adjoint Emploi-Formation, Christian Gaubert <\/td><\/tr><tr><td>Objectif principal<\/td><td>Former des b\u00e9n\u00e9voles de clubs \u00e0 l\u2019animation et l\u2019encadrement du tennis de table au sein de leur association. L&rsquo;Initiateur de Club devra acqu\u00e9rir les connaissances suivantes : Organiser l&rsquo;accueil des diff\u00e9rents publics dans son club &#8211; De prendre en main dans une s\u00e9ance pr\u00e9d\u00e9finie &#8211; D&rsquo;appr\u00e9hender les bases du jeu<\/td><\/tr><tr><td>Objectifs secondaires<\/td><td>D\u00e9velopper les cr\u00e9neaux d\u2019accueil du club et participer \u00e0 sa structuration<br>Informer les clubs des dispositifs d\u2019aide au d\u00e9veloppement du CDTT67<br>Informer les clubs des diff\u00e9rentes actions techniques que proposent le comit\u00e9<br>Informer sur les diff\u00e9rentes possibilit\u00e9s pour recruter de nouveaux publics<\/td><\/tr><\/tbody><\/table><\/figure>\n\n\n\n<h4 class=\"wp-block-heading\">Modalit\u00e9s pratiques<\/h4>\n\n\n\n<figure class=\"wp-block-table\"><table><tbody><tr><td>Dur\u00e9e de la formation<\/td><td>14 heures th\u00e9orie<br>3 heures de pratique<br>4 heures FOAD (Formation Ouverte et A Distance)<\/td><\/tr><tr><td>Formules envisag\u00e9es<\/td><td>&#8211; Pr\u00e9sentiel 1 week-end<br>&#8211; Pr\u00e9sentiel 2 jours non-cons\u00e9cutifs (2 samedis par exemple) ou 4 soir\u00e9es<br>&#8211; Pr\u00e9sentiel stage d\u00e9partemental<br>&#8211; Formation hydride (6 heures en distanciel et 8h en pr\u00e9sentiel)<\/td><\/tr><tr><td>Co\u00fbt de la formation<\/td><td>Tarif de base : 60\u20ac<br><\/td><\/tr><tr><td>Pr\u00e9requis<\/td><td>Licence FFTT Comp\u00e9tition<br>La formation est accessible \u00e0 tout le monde d\u00e8s 13 ans (cat\u00e9gorie cadet). Elle s\u2019adresse aussi bien aux jeunes adultes qu\u2019aux jeunes retrait\u00e9s.<\/td><\/tr><tr><td>Nombre de stagiaires<\/td><td>Entre 6 et 14 personnes. <\/td><\/tr><tr><td>Nombre de sessions de formation par saison<\/td><td>Minimum 1 session et en fonction des besoins des clubs. Les clubs adressent leur candidature au CDTT67. Il est possible d&rsquo;accueillir la formation directement dans son club.<\/td><\/tr><tr><td>Contact<\/td><td>Thierry WICK &#8211; <a href=\"thierry.wick@lgett.fr\">thierry.wick@lgett.fr<\/a> &#8211; 07 71 00 57 12<\/td><\/tr><\/tbody><\/table><\/figure>\n","protected":false},"excerpt":{"rendered":"<p>Pr\u00e9sentation g\u00e9n\u00e9rale La fili\u00e8re f\u00e9d\u00e9rale de formation, creuset de nos formations b\u00e9n\u00e9voles, doit permettre \u00e0 nos licenci\u00e9s d\u2019affiner progressivement l\u2019encadrement des diff\u00e9rents publics dans nos clubs. Pour cela, il nous est apparu essentiel d\u2019insister sur deux aspects\u00a0:\u00a0accueil \/animation selon les publics\u00a0et\u00a0entra\u00eenement. 3 niveaux progressifs de formation ont ainsi \u00e9t\u00e9 mis en place : initiateur de [&hellip;]<\/p>\n","protected":false},"author":2,"featured_media":0,"parent":0,"menu_order":0,"comment_status":"closed","ping_status":"closed","template":"","meta":{"footnotes":""},"class_list":["post-134","page","type-page","status-publish","hentry"],"_links":{"self":[{"href":"https:\/\/cd67tt.com\/index.php\/wp-json\/wp\/v2\/pages\/134","targetHints":{"allow":["GET"]}}],"collection":[{"href":"https:\/\/cd67tt.com\/index.php\/wp-json\/wp\/v2\/pages"}],"about":[{"href":"https:\/\/cd67tt.com\/index.php\/wp-json\/wp\/v2\/types\/page"}],"author":[{"embeddable":true,"href":"https:\/\/cd67tt.com\/index.php\/wp-json\/wp\/v2\/users\/2"}],"replies":[{"embeddable":true,"href":"https:\/\/cd67tt.com\/index.php\/wp-json\/wp\/v2\/comments?post=134"}],"version-history":[{"count":3,"href":"https:\/\/cd67tt.com\/index.php\/wp-json\/wp\/v2\/pages\/134\/revisions"}],"predecessor-version":[{"id":4947,"href":"https:\/\/cd67tt.com\/index.php\/wp-json\/wp\/v2\/pages\/134\/revisions\/4947"}],"wp:attachment":[{"href":"https:\/\/cd67tt.com\/index.php\/wp-json\/wp\/v2\/media?parent=134"}],"curies":[{"name":"wp","href":"https:\/\/api.w.org\/{rel}","templated":true}]}}