{"id":136,"date":"2018-11-07T09:58:39","date_gmt":"2018-11-07T08:58:39","guid":{"rendered":"http:\/\/cd67tt.com\/?page_id=136"},"modified":"2019-02-06T20:33:41","modified_gmt":"2019-02-06T19:33:41","slug":"arbitres-juges-arbitres","status":"publish","type":"page","link":"https:\/\/cd67tt.com\/index.php\/arbitres-juges-arbitres\/","title":{"rendered":"Arbitres &#8211; Juges-Arbitres"},"content":{"rendered":"\n<div class=\"wp-block-image\"><figure class=\"aligncenter is-resized\"><img loading=\"lazy\" decoding=\"async\" src=\"https:\/\/cd67tt.com\/wp-content\/uploads\/2018\/12\/41503069821_c1dff177a4_k-1024x683.jpg\" alt=\"\" class=\"wp-image-428\" width=\"768\" height=\"512\" srcset=\"https:\/\/cd67tt.com\/wp-content\/uploads\/2018\/12\/41503069821_c1dff177a4_k-1024x683.jpg 1024w, https:\/\/cd67tt.com\/wp-content\/uploads\/2018\/12\/41503069821_c1dff177a4_k-300x200.jpg 300w, https:\/\/cd67tt.com\/wp-content\/uploads\/2018\/12\/41503069821_c1dff177a4_k-768x512.jpg 768w, https:\/\/cd67tt.com\/wp-content\/uploads\/2018\/12\/41503069821_c1dff177a4_k.jpg 2048w\" sizes=\"auto, (max-width: 768px) 100vw, 768px\" \/><\/figure><\/div>\n\n\n<p><strong>Toutes ces informations se trouvent dans la rubrique \u00ab Formation \/ Arbitrage \u00bb du site Internet de la LGETT<\/strong><\/p>\n\n\n<div class=\"wp-block-button aligncenter\"><a class=\"wp-block-button__link has-background has-vivid-cyan-blue-background-color\" href=\"https:\/\/www.lgett.fr\/formation\/arbitrage\/\">Lien vers le site de la LGETT<\/a><\/div>\n\n\n\n<p>Pour plus de renseignements, merci de prendre contact avec la LGETT<br>par t\u00e9l\u00e9phone au 03 83 18 87 87 ou par m\u00e9l \u00e0 l\u2019adresse suivante : <a href=\"mailto:contact@lgett.fr\" target=\"_blank\" rel=\"noreferrer noopener\">contact@lgett.fr<\/a>.<\/p>\n","protected":false},"excerpt":{"rendered":"<p>Toutes ces informations se trouvent dans la rubrique \u00ab Formation \/ Arbitrage \u00bb du site Internet de la LGETT Pour plus de renseignements, merci de prendre contact avec la LGETTpar t\u00e9l\u00e9phone au 03 83 18 87 87 ou par m\u00e9l \u00e0 l\u2019adresse suivante : contact@lgett.fr.<\/p>\n","protected":false},"author":2,"featured_media":0,"parent":0,"menu_order":0,"comment_status":"closed","ping_status":"closed","template":"","meta":{"footnotes":""},"class_list":["post-136","page","type-page","status-publish","hentry"],"_links":{"self":[{"href":"https:\/\/cd67tt.com\/index.php\/wp-json\/wp\/v2\/pages\/136","targetHints":{"allow":["GET"]}}],"collection":[{"href":"https:\/\/cd67tt.com\/index.php\/wp-json\/wp\/v2\/pages"}],"about":[{"href":"https:\/\/cd67tt.com\/index.php\/wp-json\/wp\/v2\/types\/page"}],"author":[{"embeddable":true,"href":"https:\/\/cd67tt.com\/index.php\/wp-json\/wp\/v2\/users\/2"}],"replies":[{"embeddable":true,"href":"https:\/\/cd67tt.com\/index.php\/wp-json\/wp\/v2\/comments?post=136"}],"version-history":[{"count":0,"href":"https:\/\/cd67tt.com\/index.php\/wp-json\/wp\/v2\/pages\/136\/revisions"}],"wp:attachment":[{"href":"https:\/\/cd67tt.com\/index.php\/wp-json\/wp\/v2\/media?parent=136"}],"curies":[{"name":"wp","href":"https:\/\/api.w.org\/{rel}","templated":true}]}}