{"id":150,"date":"2018-11-07T10:00:37","date_gmt":"2018-11-07T09:00:37","guid":{"rendered":"http:\/\/cd67tt.com\/?page_id=150"},"modified":"2024-02-25T08:23:54","modified_gmt":"2024-02-25T07:23:54","slug":"detection-2","status":"publish","type":"page","link":"https:\/\/cd67tt.com\/index.php\/detection-2\/","title":{"rendered":"D\u00e9tection"},"content":{"rendered":"\n<h3 class=\"wp-block-heading\">Groupe D\u00e9partemental D\u00e9tection 67<\/h3>\n\n\n\n<p>Le Groupe D\u00e9tection 67 est cr\u00e9\u00e9 afin de cr\u00e9er une \u00e9mulation propice \u00e0 la formation et \u00e0 l\u2019accompagnement des jeunes joueurs souhaitant s\u2019investir de mani\u00e8re plus assidue dans le tennis de table.<\/p>\n\n\n\n<p>Ce Groupe D\u00e9partemental D\u00e9tection a aussi pour vocation&nbsp;:<\/p>\n\n\n\n<ul class=\"wp-block-list\">\n<li>D\u2019offrir une formation sportive n\u00e9cessaire pour acc\u00e9der dans de bonnes conditions au P\u00f4le Espoir Grand Est \u2192 permettre, \u00e0 des jeunes joueurs identifi\u00e9s, d\u2019augmenter leur volume d\u2019entrainement tout en les accompagnant de mani\u00e8re plus individuelle<\/li>\n\n\n\n<li>De soutenir les clubs dans la formation et la gestion des meilleurs \u00e9l\u00e9ments jeunes<\/li>\n\n\n\n<li>De participer \u00e0 la formation continue des cadres techniques du territoire<\/li>\n<\/ul>\n\n\n\n<p>Ce dispositif s\u2019inscrit dans une pr\u00e9paration \u00e0 l\u2019accession (d\u00e9tection et formation) au Groupe R\u00e9gional D\u00e9tection et P\u00f4le Espoir du Grand Est (Ligue du Grand Est de Tennis de Table) et concerne les joueurs de moins de 11 ans.<\/p>\n\n\n<div class=\"wp-block-image\">\n<figure class=\"aligncenter size-large\"><img loading=\"lazy\" decoding=\"async\" width=\"1024\" height=\"768\" src=\"https:\/\/cd67tt.com\/wp-content\/uploads\/2023\/01\/GD67-22-23-1024x768.jpeg\" alt=\"\" class=\"wp-image-3600\" srcset=\"https:\/\/cd67tt.com\/wp-content\/uploads\/2023\/01\/GD67-22-23-1024x768.jpeg 1024w, https:\/\/cd67tt.com\/wp-content\/uploads\/2023\/01\/GD67-22-23-300x225.jpeg 300w, https:\/\/cd67tt.com\/wp-content\/uploads\/2023\/01\/GD67-22-23-768x576.jpeg 768w, https:\/\/cd67tt.com\/wp-content\/uploads\/2023\/01\/GD67-22-23-1536x1152.jpeg 1536w, https:\/\/cd67tt.com\/wp-content\/uploads\/2023\/01\/GD67-22-23.jpeg 2048w\" sizes=\"auto, (max-width: 1024px) 100vw, 1024px\" \/><figcaption class=\"wp-element-caption\"><em>Groupe D\u00e9tection 67 | Saison 2022-2023<\/em><\/figcaption><\/figure>\n<\/div>\n\n\n<hr class=\"wp-block-separator has-alpha-channel-opacity\"\/>\n\n\n\n<h4 class=\"wp-block-heading\">Effectif<\/h4>\n\n\n\n<figure class=\"wp-block-table is-style-stripes\"><table><tbody><tr><td>Nom<\/td><td>Pr\u00e9nom<\/td><td>Date naissance<\/td><td>Cat\u00e9gorie<\/td><td>Sexe<\/td><td>Nom club<\/td><\/tr><tr><td>DIRMENT NUNEZ<\/td><td>Avelina<\/td><td>05\/01\/2014<\/td><td>P<\/td><td>F<\/td><td>SCHILTIGHEIM SU TT<\/td><\/tr><tr><td>REINBERGER<\/td><td>Lucas<\/td><td>24\/07\/2014<\/td><td>P<\/td><td>M<\/td><td>SCHILTIGHEIM SU TT<\/td><\/tr><tr><td>BERGERAT<\/td><td>Gregorio<\/td><td>24\/02\/2012<\/td><td>B2<\/td><td>M<\/td><td>STRASBOURG EUROMETROPOLE TT<\/td><\/tr><tr><td>CHHUK MENG<\/td><td>Antoine<\/td><td>04\/05\/2013<\/td><td>B1<\/td><td>M<\/td><td>T.T.Haguenau Wissembourg<\/td><\/tr><tr><td>REIBEL<\/td><td>Mathis<\/td><td>03\/02\/2012<\/td><td>B2<\/td><td>M<\/td><td>BENFELD LAURENTIA S.S.C.<\/td><\/tr><tr><td>ADOLFF<\/td><td>Agathe<\/td><td>29\/05\/2013<\/td><td>B1<\/td><td>F<\/td><td>HANAU Tennis de Table<\/td><\/tr><tr><td>SOHN<\/td><td>Ruben<\/td><td>19\/06\/2013<\/td><td>B1<\/td><td>M<\/td><td>HANAU Tennis de Table<\/td><\/tr><tr><td>QUELQUEGER<\/td><td>Louis<\/td><td>27\/09\/2012<\/td><td>B2<\/td><td>M<\/td><td>STRASBOURG RC<\/td><\/tr><tr><td>DUFOUR<\/td><td>Clement<\/td><td>12\/06\/2012<\/td><td>B2<\/td><td>M<\/td><td>ILLKIRCH GRAFFENSTADEN AP<\/td><\/tr><tr><td>HENRION<\/td><td>Nathan<\/td><td>24\/10\/2012<\/td><td>B2<\/td><td>M<\/td><td>ILLKIRCH GRAFFENSTADEN AP<\/td><\/tr><tr><td>LEWY DESMARETS<\/td><td>Mael<\/td><td>15\/02\/2012<\/td><td>B2<\/td><td>M<\/td><td>STRASBOURG RC<\/td><\/tr><tr><td>GARCIA<\/td><td>Leo<\/td><td>13\/12\/2013<\/td><td>B1<\/td><td>M<\/td><td>SCHILTIGHEIM SU TT<\/td><\/tr><tr><td>BOUCETTA<\/td><td>Mira Arwa<\/td><td>10\/06\/2014<\/td><td>P<\/td><td>F<\/td><td>STRASBOURG RC<\/td><\/tr><\/tbody><\/table><\/figure>\n\n\n\n<hr class=\"wp-block-separator has-alpha-channel-opacity\"\/>\n\n\n\n<h4 class=\"wp-block-heading\">Cahier des charges<\/h4>\n\n\n\n<p><strong>Implantation\/localisation :<\/strong><\/p>\n\n\n\n<p>CREPS de Strasbourg<\/p>\n\n\n\n<p>Adresse : 4 All. du Sommerhof, 67200 Strasbourg<\/p>\n\n\n\n<p>La coordination p\u00e9dagogique est assur\u00e9e par S\u00e9bastien KOEHLER<\/p>\n\n\n\n<p><strong>Encadrement sportif&nbsp;:<\/strong><\/p>\n\n\n\n<p>L\u2019encadrement est assur\u00e9 par des entraineurs professionnels (2 cadres techniques professionnels par site) mandat\u00e9s par le CD67TT et des entraineurs en formation (1-2 cadres issus de la fili\u00e8re f\u00e9d\u00e9rale de formation par site).<\/p>\n\n\n\n<p>L\u2019entra\u00eeneur responsable du site d\u2019entra\u00eenement a pour obligation de participer \u00e0 la formation continue des entraineurs s\u2019engageant dans la fili\u00e8re f\u00e9d\u00e9rale de formation.<\/p>\n\n\n\n<p><strong>Entraineurs :<\/strong><\/p>\n\n\n\n<ul class=\"wp-block-list\">\n<li>S\u00e9bastien KOEHLER (DEJPES TT)<\/li>\n\n\n\n<li>Pierre KURY (stagiaire DEJEPS)<\/li>\n\n\n\n<li>Emili ASENSIO (stagiaire DEJEPS)<\/li>\n\n\n\n<li>Antoine SAPTE (EF)<\/li>\n<\/ul>\n\n\n\n<p><strong>P\u00e9riode&nbsp;:<\/strong><\/p>\n\n\n\n<p>D\u00e9but&nbsp;: apr\u00e8s les vacances de la Toussaint 2022<\/p>\n\n\n\n<p>Fin&nbsp;: Championnat du Bas-Rhin<\/p>\n\n\n\n<p><strong>Effectifs&nbsp;:<\/strong><\/p>\n\n\n\n<ul class=\"wp-block-list\">\n<li>Dans la limite de 16 joueurs<\/li>\n\n\n\n<li>Un minimum de 5 joueurs<\/li>\n<\/ul>\n\n\n\n<p>Une charte est conclue entre chaque joueur et le CD67TT&nbsp;; ainsi les joueurs et parents de joueurs sont inform\u00e9s des droits et devoirs li\u00e9s \u00e0 l\u2019int\u00e9gration au Groupe D\u00e9tection 67.<\/p>\n\n\n\n<p><strong>Equipement minimum&nbsp;:<\/strong><\/p>\n\n\n\n<ul class=\"wp-block-list\">\n<li>Salle 7 tables<\/li>\n\n\n\n<li>Balles \u2013 bassines \u2013 mat\u00e9riel p\u00e9dagogique fourni par le CD67TT<\/li>\n<\/ul>\n\n\n\n<p><strong>Dur\u00e9e hebdomadaire d\u2019entrainement&nbsp;:<\/strong><\/p>\n\n\n\n<p>Elle est fix\u00e9e \u00e0 2 heures hors vacances scolaires<\/p>\n\n\n\n<p><strong>Conditions de participation&nbsp;:<\/strong><\/p>\n\n\n\n<ul class=\"wp-block-list\">\n<li>Avoir une licence FFTT<\/li>\n\n\n\n<li>\u00catre poussin ou benjamin<\/li>\n\n\n\n<li>\u00catre s\u00e9lectionn\u00e9 par le CD67TT<\/li>\n\n\n\n<li>Co\u00fbt\u00a0: gratuit<\/li>\n<\/ul>\n\n\n\n<p><strong>Budget&nbsp;:<\/strong><\/p>\n\n\n\n<p>Le coordonnateur d\u00e9partemental propose et assure le suivi du budget sous la responsabilit\u00e9 du Pr\u00e9sident du CD67TT.<\/p>\n\n\n\n<p><em>Principales d\u00e9penses&nbsp;:<\/em><\/p>\n\n\n\n<ul class=\"wp-block-list\">\n<li><em>Frais li\u00e9s \u00e0 l\u2019encadrement technique<\/em><\/li>\n\n\n\n<li><em>Achats mat\u00e9riels (balles, \u2026)<\/em><\/li>\n\n\n\n<li><em>Maillot identit\u00e9 \u00ab&nbsp;Groupe D\u00e9tection 67&nbsp;\u00bb<\/em><\/li>\n<\/ul>\n\n\n\n<p><strong>Indicateurs de r\u00e9sultats&nbsp;:<\/strong><\/p>\n\n\n\n<p>Le suivi et l\u2019\u00e9valuation du Groupe D\u00e9tection 67 sont plac\u00e9s sous la responsabilit\u00e9 du coordonnateur p\u00e9dagogique selon les crit\u00e8res suivants&nbsp;:<\/p>\n\n\n\n<ol class=\"wp-block-list\" style=\"list-style-type:1\">\n<li><em>S\u00e9lection des joueurs dans les \u00e9quipes du Bas-Rhin,<\/em><\/li>\n\n\n\n<li><em>S\u00e9lection des joueurs dans les \u00e9quipes de la LGETT,<\/em><\/li>\n\n\n\n<li><em>Nombre de joueurs int\u00e9grant le P\u00f4le Espoir Grand Est,<\/em><\/li>\n\n\n\n<li><em>Respect du cahier des charges et de son ad\u00e9quation avec les objectifs,<\/em><\/li>\n\n\n\n<li><em>Respect des directives nationales et r\u00e9gionales concernant la d\u00e9tection des talents,<\/em><\/li>\n\n\n\n<li><em>Coh\u00e9rence et validit\u00e9 du compte rendu annuel d\u2019action<\/em><\/li>\n<\/ol>\n\n\n\n<figure class=\"wp-block-image size-full\"><img loading=\"lazy\" decoding=\"async\" width=\"1024\" height=\"768\" src=\"https:\/\/cd67tt.com\/wp-content\/uploads\/2023\/01\/Identite.png\" alt=\"\" class=\"wp-image-3575\" srcset=\"https:\/\/cd67tt.com\/wp-content\/uploads\/2023\/01\/Identite.png 1024w, https:\/\/cd67tt.com\/wp-content\/uploads\/2023\/01\/Identite-300x225.png 300w, https:\/\/cd67tt.com\/wp-content\/uploads\/2023\/01\/Identite-768x576.png 768w\" sizes=\"auto, (max-width: 1024px) 100vw, 1024px\" \/><\/figure>\n","protected":false},"excerpt":{"rendered":"<p>Groupe D\u00e9partemental D\u00e9tection 67 Le Groupe D\u00e9tection 67 est cr\u00e9\u00e9 afin de cr\u00e9er une \u00e9mulation propice \u00e0 la formation et \u00e0 l\u2019accompagnement des jeunes joueurs souhaitant s\u2019investir de mani\u00e8re plus assidue dans le tennis de table. Ce Groupe D\u00e9partemental D\u00e9tection a aussi pour vocation&nbsp;: Ce dispositif s\u2019inscrit dans une pr\u00e9paration \u00e0 l\u2019accession (d\u00e9tection et formation) [&hellip;]<\/p>\n","protected":false},"author":2,"featured_media":0,"parent":0,"menu_order":0,"comment_status":"closed","ping_status":"closed","template":"","meta":{"footnotes":""},"class_list":["post-150","page","type-page","status-publish","hentry"],"_links":{"self":[{"href":"https:\/\/cd67tt.com\/index.php\/wp-json\/wp\/v2\/pages\/150","targetHints":{"allow":["GET"]}}],"collection":[{"href":"https:\/\/cd67tt.com\/index.php\/wp-json\/wp\/v2\/pages"}],"about":[{"href":"https:\/\/cd67tt.com\/index.php\/wp-json\/wp\/v2\/types\/page"}],"author":[{"embeddable":true,"href":"https:\/\/cd67tt.com\/index.php\/wp-json\/wp\/v2\/users\/2"}],"replies":[{"embeddable":true,"href":"https:\/\/cd67tt.com\/index.php\/wp-json\/wp\/v2\/comments?post=150"}],"version-history":[{"count":6,"href":"https:\/\/cd67tt.com\/index.php\/wp-json\/wp\/v2\/pages\/150\/revisions"}],"predecessor-version":[{"id":4511,"href":"https:\/\/cd67tt.com\/index.php\/wp-json\/wp\/v2\/pages\/150\/revisions\/4511"}],"wp:attachment":[{"href":"https:\/\/cd67tt.com\/index.php\/wp-json\/wp\/v2\/media?parent=150"}],"curies":[{"name":"wp","href":"https:\/\/api.w.org\/{rel}","templated":true}]}}