{"id":35,"date":"2018-11-07T09:43:20","date_gmt":"2018-11-07T08:43:20","guid":{"rendered":"http:\/\/cd67tt.com\/?page_id=35"},"modified":"2024-12-02T11:55:05","modified_gmt":"2024-12-02T10:55:05","slug":"tarifs-et-penalites","status":"publish","type":"page","link":"https:\/\/cd67tt.com\/index.php\/tarifs-et-penalites\/","title":{"rendered":"Tarifs et p\u00e9nalit\u00e9s"},"content":{"rendered":"\n<div class=\"wp-block-columns are-vertically-aligned-center is-layout-flex wp-container-core-columns-is-layout-9d6595d7 wp-block-columns-is-layout-flex\">\n<div class=\"wp-block-column is-vertically-aligned-center is-layout-flow wp-block-column-is-layout-flow\" style=\"flex-basis:100%\">\n<div class=\"wp-block-group\"><div class=\"wp-block-group__inner-container is-layout-flow wp-block-group-is-layout-flow\">\n<div class=\"wp-block-group\"><div class=\"wp-block-group__inner-container is-layout-flow wp-block-group-is-layout-flow\">\n<figure class=\"wp-block-table is-style-stripes\"><table class=\"has-fixed-layout\"><tbody><tr><td><strong>1) Absence \u00e0 l&rsquo;Assembl\u00e9e G\u00e9n\u00e9rale<\/strong><\/td><td><\/td><\/tr><tr><td>a. association 1 voix<\/td><td>45 \u20ac<\/td><\/tr><tr><td>b. association 2 voix ou plus<\/td><td>76 \u20ac<\/td><\/tr><tr><td><\/td><td><\/td><\/tr><tr><td><em>rappel : pr\u00e9sence imp\u00e9rative des clubs \u00e0 l&rsquo;Assembl\u00e9e G\u00e9n\u00e9rale (FFTT article 77 des R\u00e8glements F\u00e9d\u00e9raux)<\/em><\/td><td><\/td><\/tr><tr><td><em>&#8211; pouvoir possible du repr\u00e9sentant \u00e9lu \u00e0 un autre membre du club<\/em><\/td><td><\/td><\/tr><tr><td><em>&#8211; pas de procuration possible \u00e0 un repr\u00e9sentant d&rsquo;un autre club<\/em><\/td><td><\/td><\/tr><tr><td><\/td><td><\/td><\/tr><tr><td><strong>2) Championnat Jeunes<\/strong><\/td><td><\/td><\/tr><tr><td>a. forfait d&rsquo;une \u00e9quipe jeune<\/td><td>8 \u20ac<\/td><\/tr><tr><td>b. forfait g\u00e9n\u00e9ral \u00e9quipe jeunes<\/td><td>16 \u20ac<\/td><\/tr><tr><td><\/td><td><\/td><\/tr><tr><td><strong>3) Comp\u00e9titions individuelles<\/strong> : forfait non excus\u00e9<\/td><td>8 \u20ac<\/td><\/tr><tr><td><\/td><td><\/td><\/tr><tr><td><strong>4) Comportement antisportif<\/strong><\/td><td>24 \u20ac<\/td><\/tr><tr><td><em>Le cas \u00e9ch\u00e9ant : transmission d&rsquo;un dossier \u00e0 l&rsquo;Instance R\u00e9gionale de Discipline pour une \u00e9ventuelle sanction disciplinaire<\/em><\/td><td><\/td><\/tr><tr><td><\/td><td><\/td><\/tr><tr><td><strong>DROITS D&rsquo;APPEL<\/strong><\/td><td><\/td><\/tr><tr><td><em>Tout appel, au Comit\u00e9 Directeur du Comit\u00e9 D\u00e9partemental, concernant une d\u00e9cision d\u2019une de ses Commissions doit \u00eatre accompagn\u00e9 d\u2019un droit d\u2019appel de 32\u20ac. Si l\u2019appel est jug\u00e9 fond\u00e9, ce droit sera revers\u00e9 \u00e0 l\u2019association.<\/em><\/td><td><\/td><\/tr><\/tbody><\/table><\/figure>\n<\/div><\/div>\n<\/div><\/div>\n<\/div>\n<\/div>\n","protected":false},"excerpt":{"rendered":"<p>1) Absence \u00e0 l&rsquo;Assembl\u00e9e G\u00e9n\u00e9rale a. association 1 voix 45 \u20ac b. association 2 voix ou plus 76 \u20ac rappel : pr\u00e9sence imp\u00e9rative des clubs \u00e0 l&rsquo;Assembl\u00e9e G\u00e9n\u00e9rale (FFTT article 77 des R\u00e8glements F\u00e9d\u00e9raux) &#8211; pouvoir possible du repr\u00e9sentant \u00e9lu \u00e0 un autre membre du club &#8211; pas de procuration possible \u00e0 un repr\u00e9sentant d&rsquo;un [&hellip;]<\/p>\n","protected":false},"author":2,"featured_media":0,"parent":0,"menu_order":0,"comment_status":"closed","ping_status":"closed","template":"","meta":{"footnotes":""},"class_list":["post-35","page","type-page","status-publish","hentry"],"_links":{"self":[{"href":"https:\/\/cd67tt.com\/index.php\/wp-json\/wp\/v2\/pages\/35","targetHints":{"allow":["GET"]}}],"collection":[{"href":"https:\/\/cd67tt.com\/index.php\/wp-json\/wp\/v2\/pages"}],"about":[{"href":"https:\/\/cd67tt.com\/index.php\/wp-json\/wp\/v2\/types\/page"}],"author":[{"embeddable":true,"href":"https:\/\/cd67tt.com\/index.php\/wp-json\/wp\/v2\/users\/2"}],"replies":[{"embeddable":true,"href":"https:\/\/cd67tt.com\/index.php\/wp-json\/wp\/v2\/comments?post=35"}],"version-history":[{"count":1,"href":"https:\/\/cd67tt.com\/index.php\/wp-json\/wp\/v2\/pages\/35\/revisions"}],"predecessor-version":[{"id":5151,"href":"https:\/\/cd67tt.com\/index.php\/wp-json\/wp\/v2\/pages\/35\/revisions\/5151"}],"wp:attachment":[{"href":"https:\/\/cd67tt.com\/index.php\/wp-json\/wp\/v2\/media?parent=35"}],"curies":[{"name":"wp","href":"https:\/\/api.w.org\/{rel}","templated":true}]}}