{"id":37,"date":"2018-11-07T09:43:28","date_gmt":"2018-11-07T08:43:28","guid":{"rendered":"http:\/\/cd67tt.com\/?page_id=37"},"modified":"2020-09-14T16:55:25","modified_gmt":"2020-09-14T14:55:25","slug":"reunions","status":"publish","type":"page","link":"https:\/\/cd67tt.com\/index.php\/reunions\/","title":{"rendered":"R\u00e9unions"},"content":{"rendered":"\n<div class=\"wp-block-columns has-2-columns is-layout-flex wp-container-core-columns-is-layout-9d6595d7 wp-block-columns-is-layout-flex\">\n<div class=\"wp-block-column is-layout-flow wp-block-column-is-layout-flow\">\n<h4 class=\"wp-block-heading\">PV r\u00e9union de comit\u00e9<\/h4>\n\n\n\n<hr class=\"wp-block-separator is-style-dots\"\/>\n\n\n\n<div class=\"wp-block-file\"><a href=\"https:\/\/cd67tt.com\/wp-content\/uploads\/2020\/09\/Reunion-de-comite-du-11-septembre-2019.pdf\">R\u00e9union de comit\u00e9 du 11 septembre 2019<\/a><a href=\"https:\/\/cd67tt.com\/wp-content\/uploads\/2020\/09\/Reunion-de-comite-du-11-septembre-2019.pdf\" class=\"wp-block-file__button\" download>T\u00e9l\u00e9charger<\/a><\/div>\n\n\n\n<div class=\"wp-block-file\"><a href=\"https:\/\/cd67tt.com\/wp-content\/uploads\/2019\/11\/R\u00e9union-de-comite-du-13-juin-2019.pdf\">R\u00e9union de comit\u00e9 du 13 juin 2019<\/a><a href=\"https:\/\/cd67tt.com\/wp-content\/uploads\/2019\/11\/R\u00e9union-de-comite-du-13-juin-2019.pdf\" class=\"wp-block-file__button\" download>T\u00e9l\u00e9charger<\/a><\/div>\n\n\n\n<div class=\"wp-block-file\"><a href=\"https:\/\/cd67tt.com\/wp-content\/uploads\/2019\/05\/R\u00e9union-de-comit\u00e9-du-28-f\u00e9vrier-2019.pdf\">R\u00e9union de comit\u00e9 du 28 f\u00e9vrier 2019<\/a><a href=\"https:\/\/cd67tt.com\/wp-content\/uploads\/2019\/05\/R\u00e9union-de-comit\u00e9-du-28-f\u00e9vrier-2019.pdf\" class=\"wp-block-file__button\" download>T\u00e9l\u00e9charger<\/a><\/div>\n\n\n\n<div class=\"wp-block-file\"><a href=\"https:\/\/cd67tt.com\/wp-content\/uploads\/2019\/02\/R\u00e9union-de-comit\u00e9-du-12-d\u00e9cembre-2018.pdf\">R\u00e9union de comit\u00e9 du 12 d\u00e9cembre 2018<\/a><a href=\"https:\/\/cd67tt.com\/wp-content\/uploads\/2019\/02\/R\u00e9union-de-comit\u00e9-du-12-d\u00e9cembre-2018.pdf\" class=\"wp-block-file__button\" download>T\u00e9l\u00e9charger<\/a><\/div>\n\n\n\n<div class=\"wp-block-file\"><a href=\"https:\/\/cd67tt.com\/wp-content\/uploads\/2019\/02\/R\u00e9union-de-comit\u00e9-du-2-octobre-2018.pdf\">R\u00e9union de comit\u00e9 du 2 octobre 2018<\/a><a href=\"https:\/\/cd67tt.com\/wp-content\/uploads\/2019\/02\/R\u00e9union-de-comit\u00e9-du-2-octobre-2018.pdf\" class=\"wp-block-file__button\" download>T\u00e9l\u00e9charger<\/a><\/div>\n\n\n\n<div class=\"wp-block-file\"><a href=\"https:\/\/cd67tt.com\/wp-content\/uploads\/2019\/02\/R\u00e9union-de-comit\u00e9-du-24-mai-2018.pdf\">R\u00e9union de comit\u00e9 du  24 mai 2018<\/a><a href=\"https:\/\/cd67tt.com\/wp-content\/uploads\/2019\/02\/R\u00e9union-de-comit\u00e9-du-24-mai-2018.pdf\" class=\"wp-block-file__button\" download>T\u00e9l\u00e9charger<\/a><\/div>\n\n\n\n<div class=\"wp-block-file\"><a href=\"https:\/\/cd67tt.com\/wp-content\/uploads\/2019\/02\/R\u00e9union-de-comit\u00e9-du-15-janvier-2018-1.pdf\">R\u00e9union de comit\u00e9 du 15 janvier 2018<\/a><a href=\"https:\/\/cd67tt.com\/wp-content\/uploads\/2019\/02\/R\u00e9union-de-comit\u00e9-du-15-janvier-2018-1.pdf\" class=\"wp-block-file__button\" download>T\u00e9l\u00e9charger<\/a><\/div>\n\n\n\n<div class=\"wp-block-file\"><a href=\"https:\/\/cd67tt.com\/wp-content\/uploads\/2019\/02\/R\u00e9union-de-comit\u00e9-du-15-janvier-2018.pdf\">R\u00e9union de comit\u00e9 du 15 janvier 2018<\/a><a href=\"https:\/\/cd67tt.com\/wp-content\/uploads\/2019\/02\/R\u00e9union-de-comit\u00e9-du-15-janvier-2018.pdf\" class=\"wp-block-file__button\" download>T\u00e9l\u00e9charger<\/a><\/div>\n\n\n\n<div class=\"wp-block-file\"><a href=\"https:\/\/cd67tt.com\/wp-content\/uploads\/2019\/02\/R\u00e9union-de-comit\u00e9-du-13-novembre-2017.pdf\">R\u00e9union de comit\u00e9 du 13 novembre 2017<\/a><a href=\"https:\/\/cd67tt.com\/wp-content\/uploads\/2019\/02\/R\u00e9union-de-comit\u00e9-du-13-novembre-2017.pdf\" class=\"wp-block-file__button\" download>T\u00e9l\u00e9charger<\/a><\/div>\n\n\n\n<div class=\"wp-block-file\"><a href=\"https:\/\/cd67tt.com\/wp-content\/uploads\/2019\/02\/R\u00e9union-de-comit\u00e9-du-9-octobre-2017.docx\">R\u00e9union de comit\u00e9 du 9 octobre 2017<\/a><a href=\"https:\/\/cd67tt.com\/wp-content\/uploads\/2019\/02\/R\u00e9union-de-comit\u00e9-du-9-octobre-2017.docx\" class=\"wp-block-file__button\" download>T\u00e9l\u00e9charger<\/a><\/div>\n\n\n\n<div class=\"wp-block-file\"><a href=\"https:\/\/cd67tt.com\/wp-content\/uploads\/2019\/02\/R\u00e9union-de-comit\u00e9-du-11-mai-2017.pdf\">R\u00e9union de comit\u00e9 du 11 mai 2017<\/a><a href=\"https:\/\/cd67tt.com\/wp-content\/uploads\/2019\/02\/R\u00e9union-de-comit\u00e9-du-11-mai-2017.pdf\" class=\"wp-block-file__button\" download>T\u00e9l\u00e9charger<\/a><\/div>\n\n\n\n<div class=\"wp-block-file\"><a href=\"https:\/\/cd67tt.com\/wp-content\/uploads\/2019\/02\/R\u00e9union-de-comit\u00e9-du-9-mars-2017.pdf\">R\u00e9union de comit\u00e9 du 9 mars 2017<\/a><a href=\"https:\/\/cd67tt.com\/wp-content\/uploads\/2019\/02\/R\u00e9union-de-comit\u00e9-du-9-mars-2017.pdf\" class=\"wp-block-file__button\" download>T\u00e9l\u00e9charger<\/a><\/div>\n\n\n\n<div class=\"wp-block-file\"><a href=\"https:\/\/cd67tt.com\/wp-content\/uploads\/2019\/02\/R\u00e9union-de-comit\u00e9-du-12-janvier-2017.pdf\">R\u00e9union de comit\u00e9 du 12 janvier 2017<\/a><a href=\"https:\/\/cd67tt.com\/wp-content\/uploads\/2019\/02\/R\u00e9union-de-comit\u00e9-du-12-janvier-2017.pdf\" class=\"wp-block-file__button\" download>T\u00e9l\u00e9charger<\/a><\/div>\n\n\n\n<div class=\"wp-block-file\"><a href=\"https:\/\/cd67tt.com\/wp-content\/uploads\/2019\/02\/R\u00e9union-de-comit\u00e9-du-17-novembre-2016.pdf\">R\u00e9union de comit\u00e9 du 17 novembre 2016<\/a><a href=\"https:\/\/cd67tt.com\/wp-content\/uploads\/2019\/02\/R\u00e9union-de-comit\u00e9-du-17-novembre-2016.pdf\" class=\"wp-block-file__button\" download>T\u00e9l\u00e9charger<\/a><\/div>\n\n\n\n<div class=\"wp-block-file\"><a href=\"https:\/\/cd67tt.com\/wp-content\/uploads\/2019\/02\/R\u00e9union-de-comit\u00e9-du-29-septembre-2016.pdf\">R\u00e9union de comit\u00e9 du 29 septembre 2016<\/a><a href=\"https:\/\/cd67tt.com\/wp-content\/uploads\/2019\/02\/R\u00e9union-de-comit\u00e9-du-29-septembre-2016.pdf\" class=\"wp-block-file__button\" download>T\u00e9l\u00e9charger<\/a><\/div>\n\n\n\n<p><\/p>\n<\/div>\n\n\n\n<div class=\"wp-block-column is-layout-flow wp-block-column-is-layout-flow\">\n<h4 class=\"wp-block-heading\">PV r\u00e9union de bureau<\/h4>\n\n\n\n<hr class=\"wp-block-separator is-style-dots\"\/>\n\n\n\n<div class=\"wp-block-file\"><a href=\"https:\/\/cd67tt.com\/wp-content\/uploads\/2020\/09\/Reunion-bureau-du-16012020.pdf\">R\u00e9union bureau du 16 janvier 2020<\/a><a href=\"https:\/\/cd67tt.com\/wp-content\/uploads\/2020\/09\/Reunion-bureau-du-16012020.pdf\" class=\"wp-block-file__button\" download>T\u00e9l\u00e9charger<\/a><\/div>\n\n\n\n<div class=\"wp-block-file\"><a href=\"https:\/\/cd67tt.com\/wp-content\/uploads\/2020\/09\/Reunion-bureau-du-13112019.pdf\">R\u00e9union bureau du 13 novembre 2019<\/a><a href=\"https:\/\/cd67tt.com\/wp-content\/uploads\/2020\/09\/Reunion-bureau-du-13112019.pdf\" class=\"wp-block-file__button\" download>T\u00e9l\u00e9charger<\/a><\/div>\n\n\n\n<div class=\"wp-block-file\"><a href=\"https:\/\/cd67tt.com\/wp-content\/uploads\/2019\/02\/R\u00e9union-bureau-du-11092018.pdf\">R\u00e9union bureau du 11 septembre 2018<\/a><a href=\"https:\/\/cd67tt.com\/wp-content\/uploads\/2019\/02\/R\u00e9union-bureau-du-11092018.pdf\" class=\"wp-block-file__button\" download>T\u00e9l\u00e9charger<\/a><\/div>\n\n\n\n<div class=\"wp-block-file\"><a href=\"https:\/\/cd67tt.com\/wp-content\/uploads\/2019\/02\/R\u00e9union-bureau-du-15022018.pdf\">R\u00e9union bureau du 15 f\u00e9vrier 2018<\/a><a href=\"https:\/\/cd67tt.com\/wp-content\/uploads\/2019\/02\/R\u00e9union-bureau-du-15022018.pdf\" class=\"wp-block-file__button\" download>T\u00e9l\u00e9charger<\/a><\/div>\n\n\n\n<div class=\"wp-block-file\"><a href=\"https:\/\/cd67tt.com\/wp-content\/uploads\/2019\/02\/R\u00e9union-bureau-du-22062017.pdf\">R\u00e9union bureau du 22 juin 2017<\/a><a href=\"https:\/\/cd67tt.com\/wp-content\/uploads\/2019\/02\/R\u00e9union-bureau-du-22062017.pdf\" class=\"wp-block-file__button\" download>T\u00e9l\u00e9charger<\/a><\/div>\n\n\n\n<div class=\"wp-block-file\"><a href=\"https:\/\/cd67tt.com\/wp-content\/uploads\/2019\/02\/R\u00e9union-bureau-du-27042017.pdf\">R\u00e9union bureau du 27 avril 2017<\/a><a href=\"https:\/\/cd67tt.com\/wp-content\/uploads\/2019\/02\/R\u00e9union-bureau-du-27042017.pdf\" class=\"wp-block-file__button\" download>T\u00e9l\u00e9charger<\/a><\/div>\n\n\n\n<div class=\"wp-block-file\"><a href=\"https:\/\/cd67tt.com\/wp-content\/uploads\/2019\/02\/R\u00e9union-bureau-du-27102016.pdf\">R\u00e9union bureau du 27 octobre 2016<\/a><a href=\"https:\/\/cd67tt.com\/wp-content\/uploads\/2019\/02\/R\u00e9union-bureau-du-27102016.pdf\" class=\"wp-block-file__button\" download>T\u00e9l\u00e9charger<\/a><\/div>\n<\/div>\n<\/div>\n","protected":false},"excerpt":{"rendered":"<p>PV r\u00e9union de comit\u00e9 PV r\u00e9union de bureau<\/p>\n","protected":false},"author":2,"featured_media":0,"parent":0,"menu_order":0,"comment_status":"closed","ping_status":"closed","template":"","meta":{"footnotes":""},"class_list":["post-37","page","type-page","status-publish","hentry"],"_links":{"self":[{"href":"https:\/\/cd67tt.com\/index.php\/wp-json\/wp\/v2\/pages\/37","targetHints":{"allow":["GET"]}}],"collection":[{"href":"https:\/\/cd67tt.com\/index.php\/wp-json\/wp\/v2\/pages"}],"about":[{"href":"https:\/\/cd67tt.com\/index.php\/wp-json\/wp\/v2\/types\/page"}],"author":[{"embeddable":true,"href":"https:\/\/cd67tt.com\/index.php\/wp-json\/wp\/v2\/users\/2"}],"replies":[{"embeddable":true,"href":"https:\/\/cd67tt.com\/index.php\/wp-json\/wp\/v2\/comments?post=37"}],"version-history":[{"count":0,"href":"https:\/\/cd67tt.com\/index.php\/wp-json\/wp\/v2\/pages\/37\/revisions"}],"wp:attachment":[{"href":"https:\/\/cd67tt.com\/index.php\/wp-json\/wp\/v2\/media?parent=37"}],"curies":[{"name":"wp","href":"https:\/\/api.w.org\/{rel}","templated":true}]}}