{"id":47,"date":"2018-11-07T09:44:21","date_gmt":"2018-11-07T08:44:21","guid":{"rendered":"http:\/\/cd67tt.com\/?page_id=47"},"modified":"2021-02-03T13:24:16","modified_gmt":"2021-02-03T12:24:16","slug":"gestion-clubs","status":"publish","type":"page","link":"https:\/\/cd67tt.com\/index.php\/gestion-clubs\/","title":{"rendered":"Gestion clubs"},"content":{"rendered":"\n<p>Retrouvez le lien vers l&rsquo;espace f\u00e9d\u00e9ral Mon Club qui vous permet de g\u00e9rer administrativement et sportivement votre club : licences, saisie des r\u00e9sultats du championnat, t\u00e9l\u00e9chargement des documents administratifs, etc.<\/p>\n\n\n\n<p>Pour acc\u00e9der \u00e0 l&rsquo;espace mon club, vous munir de votre num\u00e9ro de club et de votre mot de passe SPID. Contacter la Ligue si vous n&rsquo;avez pas encore votre mot de passe.<\/p>\n\n\n\n<p>Rappel : les demandes de modification de rencontre se font \u00e9galement par le biais de l&rsquo;espace Mon Club.  <\/p>\n\n\n\n<div class=\"wp-block-button aligncenter\"><a class=\"wp-block-button__link\" href=\"http:\/\/www.fftt.com\/monclub\/\">Lien vers l&rsquo;espace f\u00e9d\u00e9ral Mon club<\/a><\/div>\n\n\n\n<div class=\"wp-block-button aligncenter\"><a class=\"wp-block-button__link has-vivid-cyan-blue-background-color has-background\" href=\"https:\/\/www.lgett.fr\/utilisateurs-du-site\/\">Lien vers l&rsquo;espace club LGETT<\/a><\/div>\n\n\n\n<hr class=\"wp-block-separator\"\/>\n\n\n\n<p>Dans le cadre de l\u2019accompagnement \u00e0 la structuration de ses clubs, la FFTT a cr\u00e9\u00e9 un nouvel espace \u00ab&nbsp;Boite \u00e0 outils&nbsp;\u00bb \u00e0 destination de l\u2019ensemble des dirigeants du Ping.<\/p>\n\n\n\n<p>Cet espace est compos\u00e9 de plus de quarante fiches pratiques sur des questions juridiques, r\u00e9glementaires et qui sont rang\u00e9es selon une arborescence permettant \u00e0 chacun de trouver un accompagnement cibl\u00e9.<\/p>\n\n\n\n<p>Ces fiches, qui se veulent ludiques, ont pour objectif de vous guider dans la gestion au quotidien de votre&nbsp;association.<\/p>\n\n\n\n<div class=\"wp-block-buttons aligncenter is-layout-flex wp-block-buttons-is-layout-flex\">\n<div class=\"wp-block-button\"><a class=\"wp-block-button__link has-luminous-vivid-orange-background-color has-background\" href=\"http:\/\/perftt2.univ-lyon1.fr\/webapp\/page\/page.html?id=92019\" target=\"_blank\" rel=\"noreferrer noopener\">Boite \u00e0 outils du dirigeant<\/a><\/div>\n<\/div>\n","protected":false},"excerpt":{"rendered":"<p>Retrouvez le lien vers l&rsquo;espace f\u00e9d\u00e9ral Mon Club qui vous permet de g\u00e9rer administrativement et sportivement votre club : licences, saisie des r\u00e9sultats du championnat, t\u00e9l\u00e9chargement des documents administratifs, etc. Pour acc\u00e9der \u00e0 l&rsquo;espace mon club, vous munir de votre num\u00e9ro de club et de votre mot de passe SPID. Contacter la Ligue si vous [&hellip;]<\/p>\n","protected":false},"author":2,"featured_media":0,"parent":0,"menu_order":0,"comment_status":"closed","ping_status":"closed","template":"","meta":{"footnotes":""},"class_list":["post-47","page","type-page","status-publish","hentry"],"_links":{"self":[{"href":"https:\/\/cd67tt.com\/index.php\/wp-json\/wp\/v2\/pages\/47","targetHints":{"allow":["GET"]}}],"collection":[{"href":"https:\/\/cd67tt.com\/index.php\/wp-json\/wp\/v2\/pages"}],"about":[{"href":"https:\/\/cd67tt.com\/index.php\/wp-json\/wp\/v2\/types\/page"}],"author":[{"embeddable":true,"href":"https:\/\/cd67tt.com\/index.php\/wp-json\/wp\/v2\/users\/2"}],"replies":[{"embeddable":true,"href":"https:\/\/cd67tt.com\/index.php\/wp-json\/wp\/v2\/comments?post=47"}],"version-history":[{"count":0,"href":"https:\/\/cd67tt.com\/index.php\/wp-json\/wp\/v2\/pages\/47\/revisions"}],"wp:attachment":[{"href":"https:\/\/cd67tt.com\/index.php\/wp-json\/wp\/v2\/media?parent=47"}],"curies":[{"name":"wp","href":"https:\/\/api.w.org\/{rel}","templated":true}]}}