{"id":53,"date":"2018-11-07T09:45:13","date_gmt":"2018-11-07T08:45:13","guid":{"rendered":"http:\/\/cd67tt.com\/?page_id=53"},"modified":"2024-03-17T14:04:43","modified_gmt":"2024-03-17T13:04:43","slug":"le-challenge-du-merite","status":"publish","type":"page","link":"https:\/\/cd67tt.com\/index.php\/le-challenge-du-merite\/","title":{"rendered":"Le challenge du M\u00e9rite"},"content":{"rendered":"\n<h3 class=\"wp-block-heading\">R\u00e9cipiendaires<\/h3>\n\n\n\n<figure class=\"wp-block-table\"><table><tbody><tr><td>2013<\/td><td>Laurine DEMEER<\/td><td>Joueuse<\/td><\/tr><tr><td>2013<\/td><td>Fran\u00e7ois DUCHENE<\/td><td>Technicien<\/td><\/tr><tr><td>2013<\/td><td>Jean-Claude SCHMIDT<\/td><td>Dirigeant<\/td><\/tr><tr><td>2014<\/td><td>Camille LUTZ<\/td><td>Joueuse<\/td><\/tr><tr><td>2014<\/td><td>Jonathan BONI<\/td><td>Arbitre<\/td><\/tr><tr><td>2014<\/td><td>Marcel FISCHER<\/td><td>Dirigeant<\/td><\/tr><tr><td>2015<\/td><td>Laurent PINGENAT<\/td><td>Technicien<\/td><\/tr><tr><td>2015<\/td><td>Dominique REINBOLT<\/td><td>Dirigeant<\/td><\/tr><tr><td>2015<\/td><td>Bernard RISCH<\/td><td>Dirigeant<\/td><\/tr><tr><td>2016<\/td><td>Raymond SCHNITZLER<\/td><td>Arbitre<\/td><\/tr><tr><td>2016<\/td><td>Tristan KRUTH<\/td><td>Joueur<\/td><\/tr><tr><td>2017<\/td><td>Julien JUNG<\/td><td>Technicien<\/td><\/tr><tr><td>2017<\/td><td>Olivier JUNG<\/td><td>Dirigeant<\/td><\/tr><tr><td>2017<\/td><td>Johann NOULARD<\/td><td>Joueur<\/td><\/tr><tr><td>2018<\/td><td>Nicolas HEY<\/td><td>Dirigeant<\/td><\/tr><tr><td>2018<\/td><td>Jos\u00e9 ALVAREZ<\/td><td>Technicien<\/td><\/tr><tr><td>2018<\/td><td>Robin LESCOUT<\/td><td>Joueur<\/td><\/tr><tr><td>2019<\/td><td>Am\u00e9lie VOGT<\/td><td>Joueuse<\/td><\/tr><tr><td>2019<\/td><td>Thierry GRAEFF<\/td><td>Technicien<\/td><\/tr><tr><td>2020<\/td><td>Daniel WYTTENBACH<\/td><td>Joueur<\/td><\/tr><tr><td>2020<\/td><td>Jean-Luc CHARTIER<\/td><td>Technicien<\/td><\/tr><tr><td>2020<\/td><td>Ren\u00e9 DUTEY<\/td><td>Dirigeant<\/td><\/tr><tr><td><mark style=\"background-color:rgba(0, 0, 0, 0)\" class=\"has-inline-color has-vivid-red-color\"><em>2021<\/em><\/mark><\/td><td><mark style=\"background-color:rgba(0, 0, 0, 0)\" class=\"has-inline-color has-vivid-red-color\"><em>Pas d&rsquo;attribution en raison du covid<\/em><\/mark><\/td><td><\/td><\/tr><tr><td>2022<\/td><td>Charlotte LUTZ<\/td><td>Joueuse<\/td><\/tr><tr><td>2022<\/td><td>Xavier HAERING<\/td><td>Technicien<\/td><\/tr><tr><td>2022<\/td><td>Nicolas HALTER<\/td><td>Dirigeant<\/td><\/tr><tr><td>2022<\/td><td>Ambre LE GUELVOUIT<\/td><td>Arbitre<\/td><\/tr><tr><td>2023<\/td><td>Till KRETTNICH<\/td><td>Joueur<\/td><\/tr><tr><td>2023<\/td><td>Maryse DEMEER<\/td><td>Arbitre<\/td><\/tr><tr><td>2023<\/td><td>Marlise OFFNER<\/td><td>Dirigeant<\/td><\/tr><\/tbody><\/table><\/figure>\n\n\n\n<hr class=\"wp-block-separator has-alpha-channel-opacity\"\/>\n\n\n\n<h3 class=\"wp-block-heading\">R\u00e8glements<\/h3>\n\n\n\n<p>Les Challenges du M\u00e9rite D\u00e9partemental du CD 67 ont \u00e9t\u00e9 remis en place pour l\u2019Olympiade 2016\/2020 et sont attribu\u00e9s ind\u00e9pendamment des M\u00e9rites R\u00e9gional ou F\u00e9d\u00e9ral instaur\u00e9s par la FFTT, et sans corr\u00e9lation avec ces derniers.<\/p>\n\n\n\n<p>L\u2019objectif principal est de valoriser le r\u00e9cipiendaire pour son investissement personnel dans le Tennis de Table Bas-rhinois.<\/p>\n\n\n\n<p><strong><u>1\/Les crit\u00e8res d\u2019attribution du Challenge<\/u><\/strong><\/p>\n\n\n\n<p>Les crit\u00e8res d\u2019attribution sont d\u00e9finis en dehors des r\u00e9sultats obtenus sur le plan sportif strict.<\/p>\n\n\n\n<p>Font partie des crit\u00e8res&nbsp;:<\/p>\n\n\n\n<ul class=\"wp-block-list\">\n<li>l\u2019investissement dans le tennis de table,<\/li>\n\n\n\n<li>le fair-play,<\/li>\n\n\n\n<li>la convivialit\u00e9, la spontan\u00e9it\u00e9 et la disponibilit\u00e9 dans la d\u00e9marche de valorisation et de d\u00e9veloppement du tennis de table,<\/li>\n\n\n\n<li>la r\u00e9gularit\u00e9 dans la participation aux comp\u00e9titions, en particulier dans le cadre des \u00ab&nbsp;s\u00e9lections&nbsp;\u00bb repr\u00e9sentant le CD 67,<\/li>\n\n\n\n<li>les participations aux organisations d\u00e9partementales, comp\u00e9titions ou autres manifestations.<\/li>\n<\/ul>\n\n\n\n<p>Cette liste de crit\u00e8res n\u2019est pas exhaustive.<\/p>\n\n\n\n<p><strong><u>2\/ Les personnes b\u00e9n\u00e9ficiaires<\/u><\/strong><\/p>\n\n\n\n<p>Les personnes b\u00e9n\u00e9ficiaires de l\u2019attribution du Challenge et r\u00e9compens\u00e9es par le CD 67 sont obligatoirement licenci\u00e9s \u00e0 la FFTT.<\/p>\n\n\n\n<p>Le challenge ne pourra \u00eatre attribu\u00e9 qu\u2019une seule fois \u00e0 la m\u00eame personne.<\/p>\n\n\n\n<p>Le challenge se d\u00e9compose en trois cat\u00e9gories&nbsp;:<\/p>\n\n\n\n<ol class=\"wp-block-list\">\n<li>Un challenge \u00ab&nbsp;joueur&nbsp;\u00bb<\/li>\n\n\n\n<li>Un challenge \u00ab&nbsp;dirigeant&nbsp;\u00bb<\/li>\n\n\n\n<li>Un challenge \u00ab&nbsp;technicien ou arbitre&nbsp;\u00bb<\/li>\n<\/ol>\n\n\n\n<p><u>3\/ Les d\u00e9cisions d\u2019attribution<\/u><\/p>\n\n\n\n<p>Les d\u00e9cisions d\u2019attribution rel\u00e8vent exclusivement de la Commission des r\u00e9compenses du Comit\u00e9 d\u00e9partemental 67. Les propositions sont approuv\u00e9es par le comit\u00e9 directeur du CD 67 et sont sans appel. A la discr\u00e9tion de la commission :<\/p>\n\n\n\n<ul class=\"wp-block-list\">\n<li>Le Challenge n\u2019est pas syst\u00e9matiquement attribu\u00e9 chaque ann\u00e9e dans chaque cat\u00e9gorie<\/li>\n\n\n\n<li>Le Challenge peut \u00eatre attribu\u00e9 \u00e0 plusieurs personnes dans une m\u00eame cat\u00e9gorie.<\/li>\n<\/ul>\n\n\n\n<p>Le pr\u00e9sent r\u00e8glement a \u00e9t\u00e9 approuv\u00e9 par le CD 67 de Tennis de Table.<\/p>\n","protected":false},"excerpt":{"rendered":"<p>R\u00e9cipiendaires 2013 Laurine DEMEER Joueuse 2013 Fran\u00e7ois DUCHENE Technicien 2013 Jean-Claude SCHMIDT Dirigeant 2014 Camille LUTZ Joueuse 2014 Jonathan BONI Arbitre 2014 Marcel FISCHER Dirigeant 2015 Laurent PINGENAT Technicien 2015 Dominique REINBOLT Dirigeant 2015 Bernard RISCH Dirigeant 2016 Raymond SCHNITZLER Arbitre 2016 Tristan KRUTH Joueur 2017 Julien JUNG Technicien 2017 Olivier JUNG Dirigeant 2017 Johann [&hellip;]<\/p>\n","protected":false},"author":2,"featured_media":0,"parent":0,"menu_order":0,"comment_status":"closed","ping_status":"closed","template":"","meta":{"footnotes":""},"class_list":["post-53","page","type-page","status-publish","hentry"],"_links":{"self":[{"href":"https:\/\/cd67tt.com\/index.php\/wp-json\/wp\/v2\/pages\/53","targetHints":{"allow":["GET"]}}],"collection":[{"href":"https:\/\/cd67tt.com\/index.php\/wp-json\/wp\/v2\/pages"}],"about":[{"href":"https:\/\/cd67tt.com\/index.php\/wp-json\/wp\/v2\/types\/page"}],"author":[{"embeddable":true,"href":"https:\/\/cd67tt.com\/index.php\/wp-json\/wp\/v2\/users\/2"}],"replies":[{"embeddable":true,"href":"https:\/\/cd67tt.com\/index.php\/wp-json\/wp\/v2\/comments?post=53"}],"version-history":[{"count":1,"href":"https:\/\/cd67tt.com\/index.php\/wp-json\/wp\/v2\/pages\/53\/revisions"}],"predecessor-version":[{"id":4577,"href":"https:\/\/cd67tt.com\/index.php\/wp-json\/wp\/v2\/pages\/53\/revisions\/4577"}],"wp:attachment":[{"href":"https:\/\/cd67tt.com\/index.php\/wp-json\/wp\/v2\/media?parent=53"}],"curies":[{"name":"wp","href":"https:\/\/api.w.org\/{rel}","templated":true}]}}