{"id":55,"date":"2018-11-07T09:45:31","date_gmt":"2018-11-07T08:45:31","guid":{"rendered":"http:\/\/cd67tt.com\/?page_id=55"},"modified":"2020-03-03T13:50:44","modified_gmt":"2020-03-03T12:50:44","slug":"trophees-developpement","status":"publish","type":"page","link":"https:\/\/cd67tt.com\/index.php\/trophees-developpement\/","title":{"rendered":"Troph\u00e9es d\u00e9veloppement"},"content":{"rendered":"<h3>Pr\u00e9sentation g\u00e9n\u00e9rale des Troph\u00e9es D\u00e9veloppement 2019-2020 :<\/h3>\n<p>Le Comit\u00e9 d\u00e9partemental du Bas-Rhin de tennis de table, en coh\u00e9rence avec la politique de la Ligue du Grand Est, a d\u00e9fini une ligne prioritaire pour l\u2019olympiade en cours,\u00a0<strong>celle d\u2019accompagner le d\u00e9veloppement de ses clubs.<\/strong><\/p>\n<p>Il s\u2019agit pour nous de valoriser\u00a0<strong>l\u2019investissement et l\u2019ensemble des initiatives qu\u2019ils sont en mesure de d\u00e9ployer<\/strong>\u00a0pour la promotion du tennis de table, l\u2019accueil de\u00a0<strong>tous<\/strong>\u00a0les publics dans leur salle, la formation des jeunes et le renforcement des comp\u00e9tences de leur encadrement.<\/p>\n<h4>Principes\u00a0:<\/h4>\n<p>Les Troph\u00e9es D\u00e9veloppement du Comit\u00e9 D\u00e9partemental de Tennis de Table du Bas-Rhin ont pour but\u00a0de :<\/p>\n<p><em>\u2192 Valoriser l\u2019investissement des clubs sur la promotion du tennis de table gr\u00e2ce \u00e0 des op\u00e9rations de d\u00e9veloppement innovantes<\/em><\/p>\n<p><em>\u2192 Mettre en lumi\u00e8re les initiatives des clubs en direction du public scolaire<\/em><\/p>\n<p><em>\u2192 Valoriser les actions des clubs sur les th\u00e8mes\u00a0: <\/em><\/p>\n<ul>\n<li><em>Ping Sant\u00e9 Bien-Etre<\/em><\/li>\n<li>Ping Handicap et Sport Adapt\u00e9<\/li>\n<\/ul>\n<p><em>\u2192 Gratifier les clubs ayant le plus progress\u00e9 en terme de licences\u00a0(promotionnelles-traditionnelles)<\/em><\/p>\n<p><em>\u2192 Valoriser la formation de cadres techniques<\/em><\/p>\n<p><em>\u2192 Gratifier les clubs ayant obtenu un label f\u00e9d\u00e9ral au cours de la saison<\/em><\/p>\n<p>\u00a0<\/p>\n<h4>Conditions de participation\u00a0:<\/h4>\n<p>Tous les clubs bas-rhinois affili\u00e9s FFTT peuvent participer en renvoyant le questionnaire dans le d\u00e9lai d\u00e9fini. Les troph\u00e9es concernant \u00ab\u00a0la progression des licences \u2013 la formation des cadres techniques \u2013 la labellisation f\u00e9d\u00e9rale\u00a0\u00bb sont quant \u00e0 eux \u00ab\u00a0automatiques\u00a0\u00bb et ne demandent aucune participation. Les troph\u00e9es ne seront remis qu\u2019aux clubs pr\u00e9sents ou repr\u00e9sent\u00e9s lors de l\u2019AG du CDTT67.<\/p>\n<p>\u00a0<\/p>\n<h4>7 troph\u00e9es seront remis lors de l\u2019Assembl\u00e9e G\u00e9n\u00e9rale de fin d\u2019ann\u00e9e\u00a0:<\/h4>\n<ol>\n<li>Actions de promotion ou de d\u00e9veloppement innovantes<\/li>\n<li>Initiatives en direction du public scolaire<\/li>\n<li>Ping Sant\u00e9 Bien-Etre<\/li>\n<li>Ping handicap et Sport Adapt\u00e9<\/li>\n<li>Progression des licences<\/li>\n<li>Formation des cadres techniques<\/li>\n<li>Labellisation F\u00e9d\u00e9rale<\/li>\n<\/ol>\n<p><strong><em>Voir ci-dessous le tableau d\u00e9taillant le montant des r\u00e9compenses offertes en fonction des troph\u00e9es\u00a0:<\/em><\/strong><\/p>\n<table width=\"697\">\n<tbody>\n<tr>\n<td width=\"28\">\u00a0<\/td>\n<td width=\"151\">\u00a0<\/td>\n<td width=\"57\">\n<p style=\"text-align: center;\">1er<\/p>\n<\/td>\n<td style=\"text-align: center;\" width=\"47\">2\u00e8me<\/td>\n<td style=\"text-align: center;\" width=\"47\">3\u00e8me<\/td>\n<td style=\"text-align: center;\" width=\"74\">AF<\/td>\n<td style=\"text-align: center;\" width=\"65\">EF<\/td>\n<td style=\"text-align: center;\" width=\"74\">CQP<\/td>\n<td style=\"text-align: center;\" width=\"65\">BP\/DE<\/td>\n<td width=\"90\">\n<p style=\"text-align: center;\">Par label FFTT<\/p>\n<\/td>\n<\/tr>\n<tr>\n<td width=\"28\">1<\/td>\n<td width=\"151\">Actions de promotion ou de d\u00e9veloppement innovantes<\/td>\n<td width=\"57\">\n<p style=\"text-align: center;\">300<\/p>\n<\/td>\n<td style=\"text-align: center;\" width=\"47\">200<\/td>\n<td style=\"text-align: center;\" width=\"47\">100<\/td>\n<td width=\"74\">\n<p style=\"text-align: center;\">\u00a0<\/p>\n<\/td>\n<td width=\"65\">\u00a0<\/td>\n<td width=\"74\">\u00a0<\/td>\n<td width=\"65\">\u00a0<\/td>\n<td width=\"90\">\u00a0<\/td>\n<\/tr>\n<tr>\n<td width=\"28\">2<\/td>\n<td width=\"151\">Initiatives en direction du public scolaire<\/td>\n<td width=\"57\">\n<p style=\"text-align: center;\">300<\/p>\n<\/td>\n<td style=\"text-align: center;\" width=\"47\">200<\/td>\n<td width=\"47\">\n<p style=\"text-align: center;\">100<\/p>\n<\/td>\n<td width=\"74\">\u00a0<\/td>\n<td width=\"65\">\u00a0<\/td>\n<td width=\"74\">\u00a0<\/td>\n<td width=\"65\">\u00a0<\/td>\n<td width=\"90\">\u00a0<\/td>\n<\/tr>\n<tr>\n<td width=\"28\">3<\/td>\n<td width=\"151\">Ping Sant\u00e9 Bien-Etre<\/td>\n<td width=\"57\">\n<p style=\"text-align: center;\">300<\/p>\n<\/td>\n<td style=\"text-align: center;\" width=\"47\">200<\/td>\n<td width=\"47\">\n<p style=\"text-align: center;\">100<\/p>\n<\/td>\n<td width=\"74\">\u00a0<\/td>\n<td width=\"65\">\u00a0<\/td>\n<td width=\"74\">\u00a0<\/td>\n<td width=\"65\">\u00a0<\/td>\n<td width=\"90\">\u00a0<\/td>\n<\/tr>\n<tr>\n<td width=\"28\">4<\/td>\n<td width=\"151\">Ping Handicap ou Sport Adapt\u00e9<\/td>\n<td width=\"57\">\n<p style=\"text-align: center;\">300<\/p>\n<\/td>\n<td style=\"text-align: center;\" width=\"47\">200<\/td>\n<td style=\"text-align: center;\" width=\"47\">100<\/td>\n<td width=\"74\">\n<p style=\"text-align: center;\">\u00a0<\/p>\n<\/td>\n<td width=\"65\">\u00a0<\/td>\n<td width=\"74\">\u00a0<\/td>\n<td width=\"65\">\u00a0<\/td>\n<td width=\"90\">\u00a0<\/td>\n<\/tr>\n<tr>\n<td width=\"28\">5<\/td>\n<td width=\"151\">Progression des licences (tradi + promo)<\/td>\n<td width=\"57\">\n<p style=\"text-align: center;\">300<\/p>\n<\/td>\n<td style=\"text-align: center;\" width=\"47\">200<\/td>\n<td width=\"47\">\n<p style=\"text-align: center;\">100<\/p>\n<\/td>\n<td width=\"74\">\u00a0<\/td>\n<td width=\"65\">\u00a0<\/td>\n<td width=\"74\">\u00a0<\/td>\n<td width=\"65\">\u00a0<\/td>\n<td width=\"90\">\u00a0<\/td>\n<\/tr>\n<tr>\n<td width=\"28\">6<\/td>\n<td width=\"151\">Formation des cadres techniques<\/td>\n<td width=\"57\">\u00a0<\/td>\n<td width=\"47\">\u00a0<\/td>\n<td width=\"47\">\u00a0<\/td>\n<td width=\"74\">\n<p style=\"text-align: center;\">100<\/p>\n<\/td>\n<td style=\"text-align: center;\" width=\"65\">150<\/td>\n<td style=\"text-align: center;\" width=\"74\">200<\/td>\n<td width=\"65\">\n<p style=\"text-align: center;\">400<\/p>\n<\/td>\n<td width=\"90\">\u00a0<\/td>\n<\/tr>\n<tr>\n<td width=\"28\">7<\/td>\n<td width=\"151\">Labellisation F\u00e9d\u00e9rale<\/td>\n<td width=\"57\">\u00a0<\/td>\n<td width=\"47\">\u00a0<\/td>\n<td width=\"47\">\u00a0<\/td>\n<td width=\"74\">\u00a0<\/td>\n<td width=\"65\">\u00a0<\/td>\n<td width=\"74\">\u00a0<\/td>\n<td width=\"65\">\u00a0<\/td>\n<td width=\"90\">\n<p style=\"text-align: center;\">100<\/p>\n<\/td>\n<\/tr>\n<\/tbody>\n<\/table>\n\n\n<hr class=\"wp-block-separator\"\/>\n\n\n\n<h4 class=\"wp-block-heading\">Questionnaire Troph\u00e9es D\u00e9veloppement Saison 2019-2020<\/h4>\n\n\n\n<div class=\"wp-block-columns has-2-columns is-layout-flex wp-container-core-columns-is-layout-9d6595d7 wp-block-columns-is-layout-flex\">\n<div class=\"wp-block-column is-layout-flow wp-block-column-is-layout-flow\">\n<div class=\"wp-block-button aligncenter is-style-outline is-style-outline--1\"><a class=\"wp-block-button__link has-background has-very-light-gray-background-color\" href=\"https:\/\/cd67tt.com\/wp-content\/uploads\/2020\/03\/QUESTIONNAIRE-TROPHEES-DEVELOPPEMENT-CDTT67-2019-2020.docx\">Questionnaire<\/a><\/div>\n<\/div>\n\n\n\n<div class=\"wp-block-column is-layout-flow wp-block-column-is-layout-flow\">\n<div class=\"wp-block-button aligncenter is-style-outline is-style-outline--2\"><a class=\"wp-block-button__link has-background has-very-light-gray-background-color\" href=\"https:\/\/cd67tt.com\/wp-content\/uploads\/2020\/03\/Courrier-accompagnement-questionnaire-troph\u00e9es-d\u00e9veloppement-2019-2020.pdf\">Courrier d&rsquo;information<\/a><\/div>\n<\/div>\n<\/div>\n\n\n\n<hr class=\"wp-block-separator\"\/>\n\n\n\n<h4 class=\"wp-block-heading\">Archives<\/h4>\n\n\n\n<ul class=\"wp-block-list\"><li><a rel=\"noreferrer noopener\" aria-label=\"Questionnaire Troph\u00e9es D\u00e9veloppement 2018-2019 (s\u2019ouvre dans un nouvel onglet)\" href=\"https:\/\/cd67tt.com\/wp-content\/uploads\/2019\/02\/QUESTIONNAIRE-TROPHEES-DEVELOPPEMENT-CDTT67-2018-2019.docx\" target=\"_blank\">Questionnaire Troph\u00e9es D\u00e9veloppement 2018-2019<\/a><\/li><li><a href=\"https:\/\/cd67tt.com\/wp-content\/uploads\/2020\/03\/diapo_troph\u00e9es_dvpt_18-19.pdf\" target=\"_blank\" rel=\"noreferrer noopener\" aria-label=\"R\u00e9sultats Troph\u00e9es D\u00e9veloppement 2018-2019 (s\u2019ouvre dans un nouvel onglet)\">R\u00e9sultats Troph\u00e9es D\u00e9veloppement 2018-2019<\/a><\/li><li><a rel=\"noreferrer noopener\" href=\"https:\/\/cd67tt.com\/wp-content\/uploads\/2018\/12\/QUESTIONNAIRE-TROPHEES-DEVELOPPEMENT-CDTT67-2017-2018.pdf\" target=\"_blank\">Questionnaire Troph\u00e9es D\u00e9veloppement 2017-2018<\/a><\/li><li> <a rel=\"noreferrer noopener\" href=\"https:\/\/cd67tt.com\/wp-content\/uploads\/2018\/12\/diapo_troph\u00e9es_dvpt_1718.pdf\" target=\"_blank\">R\u00e9sultats Troph\u00e9es D\u00e9veloppement 2017-2018<\/a> <\/li><\/ul>\n","protected":false},"excerpt":{"rendered":"<p>Pr\u00e9sentation g\u00e9n\u00e9rale des Troph\u00e9es D\u00e9veloppement 2019-2020 : Le Comit\u00e9 d\u00e9partemental du Bas-Rhin de tennis de table, en coh\u00e9rence avec la politique de la Ligue du Grand Est, a d\u00e9fini une ligne prioritaire pour l\u2019olympiade en cours,\u00a0celle d\u2019accompagner le d\u00e9veloppement de ses clubs. Il s\u2019agit pour nous de valoriser\u00a0l\u2019investissement et l\u2019ensemble des initiatives qu\u2019ils sont en [&hellip;]<\/p>\n","protected":false},"author":2,"featured_media":0,"parent":0,"menu_order":0,"comment_status":"closed","ping_status":"closed","template":"","meta":{"footnotes":""},"class_list":["post-55","page","type-page","status-publish","hentry"],"_links":{"self":[{"href":"https:\/\/cd67tt.com\/index.php\/wp-json\/wp\/v2\/pages\/55","targetHints":{"allow":["GET"]}}],"collection":[{"href":"https:\/\/cd67tt.com\/index.php\/wp-json\/wp\/v2\/pages"}],"about":[{"href":"https:\/\/cd67tt.com\/index.php\/wp-json\/wp\/v2\/types\/page"}],"author":[{"embeddable":true,"href":"https:\/\/cd67tt.com\/index.php\/wp-json\/wp\/v2\/users\/2"}],"replies":[{"embeddable":true,"href":"https:\/\/cd67tt.com\/index.php\/wp-json\/wp\/v2\/comments?post=55"}],"version-history":[{"count":0,"href":"https:\/\/cd67tt.com\/index.php\/wp-json\/wp\/v2\/pages\/55\/revisions"}],"wp:attachment":[{"href":"https:\/\/cd67tt.com\/index.php\/wp-json\/wp\/v2\/media?parent=55"}],"curies":[{"name":"wp","href":"https:\/\/api.w.org\/{rel}","templated":true}]}}