{"id":59,"date":"2018-11-07T09:45:53","date_gmt":"2018-11-07T08:45:53","guid":{"rendered":"http:\/\/cd67tt.com\/?page_id=59"},"modified":"2018-12-06T13:07:27","modified_gmt":"2018-12-06T12:07:27","slug":"convention-de-developpement","status":"publish","type":"page","link":"https:\/\/cd67tt.com\/index.php\/convention-de-developpement\/","title":{"rendered":"Convention de d\u00e9veloppement"},"content":{"rendered":"<h3>Pr\u00e9sentation g\u00e9n\u00e9rale :<img loading=\"lazy\" decoding=\"async\" class=\"alignright wp-image-410 size-thumbnail\" src=\"https:\/\/cd67tt.com\/wp-content\/uploads\/2018\/12\/Convention-150x150.jpg\" alt=\"\" width=\"150\" height=\"150\" srcset=\"https:\/\/cd67tt.com\/wp-content\/uploads\/2018\/12\/Convention-150x150.jpg 150w, https:\/\/cd67tt.com\/wp-content\/uploads\/2018\/12\/Convention-80x80.jpg 80w\" sizes=\"auto, (max-width: 150px) 100vw, 150px\" \/><\/h3>\n<ul>\n<li>Fixation d\u2019objectifs \u00e0 atteindre entre le club et le CDTT67, avec mise en place concert\u00e9e de crit\u00e8res d&rsquo;\u00e9valuation<\/li>\n<li>Possibilit\u00e9 de mettre \u00e0 disposition du mat\u00e9riel et des ressources humaines pour la mise en \u0153uvre de plusieurs actions<\/li>\n<li>Si les objectifs sont atteints, le CD67 se laisse la possibilit\u00e9 de valoriser le club en lui offrant un \u00ab\u00a0bonus\u00a0\u00bb<\/li>\n<li>Convention \u00e9tablie sur une ou plusieurs saisons<\/li>\n<\/ul>\n<p><i>Pour plus d\u2019informations -&gt; contact Bernard SIMONIN au 06-82-28-97-72 ou bernard.simonin@yahoo.fr<\/i><\/p>\n<p>&nbsp;<\/p>\n<hr \/>\n<p><a href=\"https:\/\/cd67tt.com\/wp-content\/uploads\/2018\/12\/AFFICHES-DEVELOPPEMENT-CD67_A4.pdf\" target=\"_blank\" rel=\"noopener\">T\u00e9l\u00e9charger l&rsquo;affiche des services aux clubs propos\u00e9s pour la saison 2018-2019<\/a><\/p>\n","protected":false},"excerpt":{"rendered":"<p>Pr\u00e9sentation g\u00e9n\u00e9rale : Fixation d\u2019objectifs \u00e0 atteindre entre le club et le CDTT67, avec mise en place concert\u00e9e de crit\u00e8res d&rsquo;\u00e9valuation Possibilit\u00e9 de mettre \u00e0 disposition du mat\u00e9riel et des ressources humaines pour la mise en \u0153uvre de plusieurs actions Si les objectifs sont atteints, le CD67 se laisse la possibilit\u00e9 de valoriser le club [&hellip;]<\/p>\n","protected":false},"author":2,"featured_media":0,"parent":0,"menu_order":0,"comment_status":"closed","ping_status":"closed","template":"","meta":{"footnotes":""},"class_list":["post-59","page","type-page","status-publish","hentry"],"_links":{"self":[{"href":"https:\/\/cd67tt.com\/index.php\/wp-json\/wp\/v2\/pages\/59","targetHints":{"allow":["GET"]}}],"collection":[{"href":"https:\/\/cd67tt.com\/index.php\/wp-json\/wp\/v2\/pages"}],"about":[{"href":"https:\/\/cd67tt.com\/index.php\/wp-json\/wp\/v2\/types\/page"}],"author":[{"embeddable":true,"href":"https:\/\/cd67tt.com\/index.php\/wp-json\/wp\/v2\/users\/2"}],"replies":[{"embeddable":true,"href":"https:\/\/cd67tt.com\/index.php\/wp-json\/wp\/v2\/comments?post=59"}],"version-history":[{"count":0,"href":"https:\/\/cd67tt.com\/index.php\/wp-json\/wp\/v2\/pages\/59\/revisions"}],"wp:attachment":[{"href":"https:\/\/cd67tt.com\/index.php\/wp-json\/wp\/v2\/media?parent=59"}],"curies":[{"name":"wp","href":"https:\/\/api.w.org\/{rel}","templated":true}]}}