{"id":61,"date":"2018-11-07T09:46:17","date_gmt":"2018-11-07T08:46:17","guid":{"rendered":"http:\/\/cd67tt.com\/?page_id=61"},"modified":"2018-12-06T13:11:54","modified_gmt":"2018-12-06T12:11:54","slug":"animation-decouverte-ping-sante","status":"publish","type":"page","link":"https:\/\/cd67tt.com\/index.php\/animation-decouverte-ping-sante\/","title":{"rendered":"Animation D\u00e9couverte Ping Sant\u00e9"},"content":{"rendered":"<h3>Pr\u00e9sentation g\u00e9n\u00e9rale :<img loading=\"lazy\" decoding=\"async\" class=\"alignright wp-image-414 size-thumbnail\" src=\"https:\/\/cd67tt.com\/wp-content\/uploads\/2018\/12\/Ping-Sant\u00e9-150x150.jpg\" alt=\"\" width=\"150\" height=\"150\" srcset=\"https:\/\/cd67tt.com\/wp-content\/uploads\/2018\/12\/Ping-Sant\u00e9-150x150.jpg 150w, https:\/\/cd67tt.com\/wp-content\/uploads\/2018\/12\/Ping-Sant\u00e9-80x80.jpg 80w\" sizes=\"auto, (max-width: 150px) 100vw, 150px\" \/><\/h3>\n<ul>\n<li>Faire d\u00e9couvrir les bienfaits du ping bien \u00eatre (ex : fitness-ping) \u00e0 ses adh\u00e9rents non comp\u00e9titeurs par la mise en place de soir\u00e9es anim\u00e9es par un professionnel qualifi\u00e9, mais avec obligation d\u2019ouvrir la s\u00e9ance aux clubs du territoire identifi\u00e9<\/li>\n<li>Permettre aux clubs qui le souhaitent de se donner les moyens d\u2019accueillir et de faire d\u00e9couvrir le ping \u00e0 des personnes porteuses de handicap ou atteintes de maladies chroniques<\/li>\n<\/ul>\n<p><i>Pour plus d\u2019informations -&gt; contact Bernard SIMONIN au 06-82-28-97-72 ou bernard.simonin@yahoo.fr<\/i><\/p>\n<hr \/>\n<p><a href=\"https:\/\/cd67tt.com\/wp-content\/uploads\/2018\/12\/AFFICHES-DEVELOPPEMENT-CD67_A4.pdf\" target=\"_blank\" rel=\"noopener\">T\u00e9l\u00e9charger l\u2019affiche des services aux clubs propos\u00e9s pour la saison 2018-2019<\/a><\/p>\n","protected":false},"excerpt":{"rendered":"<p>Pr\u00e9sentation g\u00e9n\u00e9rale : Faire d\u00e9couvrir les bienfaits du ping bien \u00eatre (ex : fitness-ping) \u00e0 ses adh\u00e9rents non comp\u00e9titeurs par la mise en place de soir\u00e9es anim\u00e9es par un professionnel qualifi\u00e9, mais avec obligation d\u2019ouvrir la s\u00e9ance aux clubs du territoire identifi\u00e9 Permettre aux clubs qui le souhaitent de se donner les moyens d\u2019accueillir et [&hellip;]<\/p>\n","protected":false},"author":2,"featured_media":0,"parent":0,"menu_order":0,"comment_status":"closed","ping_status":"closed","template":"","meta":{"footnotes":""},"class_list":["post-61","page","type-page","status-publish","hentry"],"_links":{"self":[{"href":"https:\/\/cd67tt.com\/index.php\/wp-json\/wp\/v2\/pages\/61","targetHints":{"allow":["GET"]}}],"collection":[{"href":"https:\/\/cd67tt.com\/index.php\/wp-json\/wp\/v2\/pages"}],"about":[{"href":"https:\/\/cd67tt.com\/index.php\/wp-json\/wp\/v2\/types\/page"}],"author":[{"embeddable":true,"href":"https:\/\/cd67tt.com\/index.php\/wp-json\/wp\/v2\/users\/2"}],"replies":[{"embeddable":true,"href":"https:\/\/cd67tt.com\/index.php\/wp-json\/wp\/v2\/comments?post=61"}],"version-history":[{"count":0,"href":"https:\/\/cd67tt.com\/index.php\/wp-json\/wp\/v2\/pages\/61\/revisions"}],"wp:attachment":[{"href":"https:\/\/cd67tt.com\/index.php\/wp-json\/wp\/v2\/media?parent=61"}],"curies":[{"name":"wp","href":"https:\/\/api.w.org\/{rel}","templated":true}]}}