{"id":65,"date":"2018-11-07T09:46:49","date_gmt":"2018-11-07T08:46:49","guid":{"rendered":"http:\/\/cd67tt.com\/?page_id=65"},"modified":"2019-02-06T20:31:49","modified_gmt":"2019-02-06T19:31:49","slug":"ping-sante-bien-etre","status":"publish","type":"page","link":"https:\/\/cd67tt.com\/index.php\/ping-sante-bien-etre\/","title":{"rendered":"Ping Sant\u00e9 Bien-Etre"},"content":{"rendered":"\n<figure class=\"wp-block-image is-resized\"><img loading=\"lazy\" decoding=\"async\" src=\"https:\/\/cd67tt.com\/wp-content\/uploads\/2019\/02\/ping-sant\u00e9-fftt.jpg\" alt=\"\" class=\"wp-image-1036\" width=\"754\" height=\"349\" srcset=\"https:\/\/cd67tt.com\/wp-content\/uploads\/2019\/02\/ping-sant\u00e9-fftt.jpg 1005w, https:\/\/cd67tt.com\/wp-content\/uploads\/2019\/02\/ping-sant\u00e9-fftt-300x139.jpg 300w, https:\/\/cd67tt.com\/wp-content\/uploads\/2019\/02\/ping-sant\u00e9-fftt-768x355.jpg 768w\" sizes=\"auto, (max-width: 754px) 100vw, 754px\" \/><\/figure>\n\n\n\n<h4 class=\"wp-block-heading\">Dispositif PGSE Grand Est<\/h4>\n\n\n\n<p>En collaboration avec les \u00e9tablissements sociaux ou de sant\u00e9 candidats, la LGETT accompagne la mise en place de cycles de pratique sp\u00e9cifiques \u00e0 destination de publics particuliers. 20 modules de 10 heures sont \u00e0 pourvoir cette saison. <br> <br> Si vous d\u00e9sirez des informations compl\u00e9mentaires ou si vous souhaitez mettre en place un module (l\u2019animateur devant \u00eatre au minimum CQP), contactez Pierre LEGENDRE qui coordonne le dispositif : 07-71-10-74-28 \/ pierre.legendre@lgett.fr<\/p>\n\n\n\n<p style=\"text-align:center\" class=\"has-background has-very-light-gray-background-color\"><a rel=\"noreferrer noopener\" aria-label=\"Si vous \u00eates int\u00e9ress\u00e9s, le dossier 2018-2019 est t\u00e9l\u00e9chargeable au lien suivant (colonne de droite) (s\u2019ouvre dans un nouvel onglet)\" href=\"http:\/\/www.lgett.fr\/ping-pour-tous\/animation-developpement\/ping-sante\/\" target=\"_blank\"><strong>Si vous \u00eates int\u00e9ress\u00e9s, le dossier 2018-2019 est t\u00e9l\u00e9chargeable au lien suivant (colonne de droite)<\/strong><\/a><\/p>\n\n\n\n<hr class=\"wp-block-separator is-style-default\"\/>\n\n\n\n<h4 class=\"wp-block-heading\">Ping Sant\u00e9 FFTT<\/h4>\n\n\n\n<p>La F\u00e9d\u00e9ration Fran\u00e7aise de Tennis de Table d\u00e9veloppe la pratique du ping suivant l\u2019axe \u00ab Sport Sant\u00e9 \u00bb. La cr\u00e9ation d\u2019une Commission Sport Sant\u00e9 permet de recenser les actions mises en place et de proposer stages et formations pour que l\u2019aspect sant\u00e9 du tennis de table soit pris en compte au sein des clubs, des comit\u00e9s et des ligues. Reconnue pour ses vertus de r\u00e9cup\u00e9ration, la pratique du tennis de table est utilis\u00e9e dans un cadre m\u00e9dical, notamment dans la pr\u00e9vention de maladies.<\/p>\n\n\n\n<p style=\"text-align:center\" class=\"has-background has-very-light-gray-background-color\"><strong><a href=\"http:\/\/www.lgett.fr\/ping-pour-tous\/animation-developpement\/ping-sante\/\" target=\"_blank\" rel=\"noreferrer noopener\" aria-label=\"Toutes les infos ici ! (s\u2019ouvre dans un nouvel onglet)\">Toutes les infos ici !<\/a><\/strong><\/p>\n","protected":false},"excerpt":{"rendered":"<p>Dispositif PGSE Grand Est En collaboration avec les \u00e9tablissements sociaux ou de sant\u00e9 candidats, la LGETT accompagne la mise en place de cycles de pratique sp\u00e9cifiques \u00e0 destination de publics particuliers. 20 modules de 10 heures sont \u00e0 pourvoir cette saison. Si vous d\u00e9sirez des informations compl\u00e9mentaires ou si vous souhaitez mettre en place un [&hellip;]<\/p>\n","protected":false},"author":2,"featured_media":0,"parent":0,"menu_order":0,"comment_status":"closed","ping_status":"closed","template":"","meta":{"footnotes":""},"class_list":["post-65","page","type-page","status-publish","hentry"],"_links":{"self":[{"href":"https:\/\/cd67tt.com\/index.php\/wp-json\/wp\/v2\/pages\/65","targetHints":{"allow":["GET"]}}],"collection":[{"href":"https:\/\/cd67tt.com\/index.php\/wp-json\/wp\/v2\/pages"}],"about":[{"href":"https:\/\/cd67tt.com\/index.php\/wp-json\/wp\/v2\/types\/page"}],"author":[{"embeddable":true,"href":"https:\/\/cd67tt.com\/index.php\/wp-json\/wp\/v2\/users\/2"}],"replies":[{"embeddable":true,"href":"https:\/\/cd67tt.com\/index.php\/wp-json\/wp\/v2\/comments?post=65"}],"version-history":[{"count":0,"href":"https:\/\/cd67tt.com\/index.php\/wp-json\/wp\/v2\/pages\/65\/revisions"}],"wp:attachment":[{"href":"https:\/\/cd67tt.com\/index.php\/wp-json\/wp\/v2\/media?parent=65"}],"curies":[{"name":"wp","href":"https:\/\/api.w.org\/{rel}","templated":true}]}}