{"id":67,"date":"2018-11-07T09:47:00","date_gmt":"2018-11-07T08:47:00","guid":{"rendered":"http:\/\/cd67tt.com\/?page_id=67"},"modified":"2019-05-30T14:33:13","modified_gmt":"2019-05-30T12:33:13","slug":"ping-en-entreprise","status":"publish","type":"page","link":"https:\/\/cd67tt.com\/index.php\/ping-en-entreprise\/","title":{"rendered":"Ping en Entreprise"},"content":{"rendered":"\n<div class=\"wp-block-media-text alignwide has-media-on-the-right\"><figure class=\"wp-block-media-text__media\"><img loading=\"lazy\" decoding=\"async\" width=\"700\" height=\"440\" src=\"https:\/\/cd67tt.com\/wp-content\/uploads\/2019\/05\/89027767_ping-pong.jpg\" alt=\"\" class=\"wp-image-1611\" srcset=\"https:\/\/cd67tt.com\/wp-content\/uploads\/2019\/05\/89027767_ping-pong.jpg 700w, https:\/\/cd67tt.com\/wp-content\/uploads\/2019\/05\/89027767_ping-pong-300x189.jpg 300w\" sizes=\"auto, (max-width: 700px) 100vw, 700px\" \/><\/figure><div class=\"wp-block-media-text__content\">\n<p class=\"has-background has-very-light-gray-background-color\"> Le sport dans l&rsquo;entreprise am\u00e9liore la qualit\u00e9 du travail, les relations entre les salari\u00e9s ou avec leur direction. Le tennis de table est accessible avec toutes les entreprises soit en contactant un club de proximit\u00e9, soit en contactant le comit\u00e9 d\u00e9partemental qui peut mettre \u00e0 disposition des tables.<\/p>\n\n\n\n<p class=\"has-background has-very-light-gray-background-color\"> Pour le club, l&rsquo;entreprise peut apporter des pratiquants suppl\u00e9mentaires, des contacts avec de nouveaux partenaires, la cr\u00e9ation d&rsquo;un cr\u00e9neau corpo,&#8230;  <\/p>\n<\/div><\/div>\n\n\n\n<hr class=\"wp-block-separator\"\/>\n\n\n\n<h4 class=\"wp-block-heading\">\u00ab\u00a0Ping Sant\u00e9 en Entreprise\u00a0\u00bb par la FFTT<\/h4>\n\n\n\n<h5 class=\"wp-block-heading\">Contexte<\/h5>\n\n\n\n<p>La FFTT d\u00e9veloppe la pratique du \u00abPing\u00bb suivant l\u2019axe \u00abSport sant\u00e9\u00bb. Reconnue pour ses vertus de r\u00e9cup\u00e9ration, la pratique du tennis de table peut \u00eatre utilis\u00e9e dans un cadre m\u00e9dical, et rentre ainsi dans le concept du \u00abm\u00e9dicosport sant\u00e9\u00bb, qui r\u00e9unit les conditions de pratique d\u2019une discipline sportive apte \u00e0 maintenir ou am\u00e9liorer la sant\u00e9 dans le domaine des pr\u00e9ventions de maladies. <\/p>\n\n\n\n<h5 class=\"wp-block-heading\">Pour qui ?<\/h5>\n\n\n\n<p>Pour les entreprises ou les comit\u00e9s d\u2019entreprises qui cherchent \u00e0 d\u00e9velopper l\u2019esprit d\u2019\u00e9quipe, \u00e0 augmenter la productivit\u00e9 des salari\u00e9s par un travail en coop\u00e9ration, \u00e0 augmenter l\u2019affection des employ\u00e9s \u00e0 l\u2019entreprise. Pour les salari\u00e9s qui cherchent \u00e0 pratiquer des activit\u00e9s en \u00e9quipe dans un environnement agr\u00e9able, \u00e0 diminuer le stress au travail, \u00e0 d\u00e9couvrir ses coll\u00e8gues diff\u00e9remment, \u00e0 augmenter la confiance en soi dans le groupe. <\/p>\n\n\n\n<h5 class=\"wp-block-heading\">Quoi ?<\/h5>\n\n\n\n<p>Le sport en entreprise intervient directement sur le bien-\u00eatre au travail, la gestion du stress et la sant\u00e9 des collaborateurs. Ainsi nous proposons la mise en place d\u2019activit\u00e9s ludiques en sensibilisant aux bienfaits du ping pour la sant\u00e9. <\/p>\n\n\n\n<div class=\"wp-block-columns has-2-columns is-layout-flex wp-container-core-columns-is-layout-9d6595d7 wp-block-columns-is-layout-flex\">\n<div class=\"wp-block-column is-layout-flow wp-block-column-is-layout-flow\">\n<div class=\"wp-block-button aligncenter\"><a class=\"wp-block-button__link\" href=\"http:\/\/www.fftt.com\/site\/medias\/shares_files\/mode-d-emploi-ping-sante-en-entreprise-1755.pdf\">Plus d&rsquo;infos<\/a><\/div>\n<\/div>\n\n\n\n<div class=\"wp-block-column is-layout-flow wp-block-column-is-layout-flow\">\n<div class=\"wp-block-button aligncenter\"><a class=\"wp-block-button__link\" href=\"https:\/\/fr.calameo.com\/read\/00422408971b4c150c945\">Les offres FFTT<\/a><\/div>\n<\/div>\n<\/div>\n","protected":false},"excerpt":{"rendered":"<p>Le sport dans l&rsquo;entreprise am\u00e9liore la qualit\u00e9 du travail, les relations entre les salari\u00e9s ou avec leur direction. Le tennis de table est accessible avec toutes les entreprises soit en contactant un club de proximit\u00e9, soit en contactant le comit\u00e9 d\u00e9partemental qui peut mettre \u00e0 disposition des tables. Pour le club, l&rsquo;entreprise peut apporter des [&hellip;]<\/p>\n","protected":false},"author":2,"featured_media":0,"parent":0,"menu_order":0,"comment_status":"closed","ping_status":"closed","template":"","meta":{"footnotes":""},"class_list":["post-67","page","type-page","status-publish","hentry"],"_links":{"self":[{"href":"https:\/\/cd67tt.com\/index.php\/wp-json\/wp\/v2\/pages\/67","targetHints":{"allow":["GET"]}}],"collection":[{"href":"https:\/\/cd67tt.com\/index.php\/wp-json\/wp\/v2\/pages"}],"about":[{"href":"https:\/\/cd67tt.com\/index.php\/wp-json\/wp\/v2\/types\/page"}],"author":[{"embeddable":true,"href":"https:\/\/cd67tt.com\/index.php\/wp-json\/wp\/v2\/users\/2"}],"replies":[{"embeddable":true,"href":"https:\/\/cd67tt.com\/index.php\/wp-json\/wp\/v2\/comments?post=67"}],"version-history":[{"count":0,"href":"https:\/\/cd67tt.com\/index.php\/wp-json\/wp\/v2\/pages\/67\/revisions"}],"wp:attachment":[{"href":"https:\/\/cd67tt.com\/index.php\/wp-json\/wp\/v2\/media?parent=67"}],"curies":[{"name":"wp","href":"https:\/\/api.w.org\/{rel}","templated":true}]}}