{"id":71,"date":"2018-11-07T09:47:26","date_gmt":"2018-11-07T08:47:26","guid":{"rendered":"http:\/\/cd67tt.com\/?page_id=71"},"modified":"2019-05-30T11:55:00","modified_gmt":"2019-05-30T09:55:00","slug":"milieu-scolaire","status":"publish","type":"page","link":"https:\/\/cd67tt.com\/index.php\/milieu-scolaire\/","title":{"rendered":"Milieu scolaire"},"content":{"rendered":"\n<p>Diff\u00e9rents outils sont \u00e0 disposition des clubs pour les aider \u00e0 mettre en place des actions avec le monde scolaire :<\/p>\n\n\n\n<ul class=\"wp-block-list\"><li><strong>Educ\u2019Ping maternelle<\/strong> : fiches cl\u00e9s en main \u00e0 utiliser dans le cadre de la pratique \u00e0 l&rsquo;\u00e9cole<\/li><li><strong>Educ\u2019Ping ARS<\/strong> : cycle de sept s\u00e9ances (PS\/GS) propos\u00e9es dans le cadre des activit\u00e9s p\u00e9riscolaires<\/li><li><strong>Le Premier Pas Pongiste<\/strong> : fiches d\u2019ateliers adapt\u00e9s pour une animation en temps scolaire ou extra-scolaire<\/li><\/ul>\n\n\n\n<div class=\"wp-block-columns has-3-columns is-layout-flex wp-container-core-columns-is-layout-9d6595d7 wp-block-columns-is-layout-flex\">\n<div class=\"wp-block-column is-layout-flow wp-block-column-is-layout-flow\">\n<div class=\"wp-block-image\"><figure class=\"aligncenter\"><a href=\" http:\/\/perftt2.univ-lyon1.fr\/webapp\/website\/website.html?id=53530&amp;pageId=1596 \" target=\"_blank\" rel=\"noreferrer noopener\"><img loading=\"lazy\" decoding=\"async\" width=\"223\" height=\"195\" src=\"https:\/\/cd67tt.com\/wp-content\/uploads\/2019\/05\/educping-primaire-medium_370076306.jpg\" alt=\"\" class=\"wp-image-1577\"\/><\/a><\/figure><\/div>\n<\/div>\n\n\n\n<div class=\"wp-block-column is-layout-flow wp-block-column-is-layout-flow\">\n<div class=\"wp-block-image\"><figure class=\"aligncenter\"><a href=\" http:\/\/perftt2.univ-lyon1.fr\/webapp\/website\/website.html?id=53530&amp;pageId=1600 \" target=\"_blank\" rel=\"noreferrer noopener\"><img loading=\"lazy\" decoding=\"async\" width=\"223\" height=\"195\" src=\"https:\/\/cd67tt.com\/wp-content\/uploads\/2019\/05\/ppp-medium_1455111703.jpg\" alt=\"\" class=\"wp-image-1578\"\/><\/a><\/figure><\/div>\n<\/div>\n\n\n\n<div class=\"wp-block-column is-layout-flow wp-block-column-is-layout-flow\">\n<div class=\"wp-block-image\"><figure class=\"aligncenter\"><a href=\"http:\/\/perftt2.univ-lyon1.fr\/webapp\/website\/website.html?id=53530&amp;pageId=1598\" target=\"_blank\" rel=\"noreferrer noopener\"><img loading=\"lazy\" decoding=\"async\" width=\"223\" height=\"195\" src=\"https:\/\/cd67tt.com\/wp-content\/uploads\/2019\/05\/ars-medium_357110591.jpg\" alt=\"\" class=\"wp-image-1579\"\/><\/a><\/figure><\/div>\n<\/div>\n<\/div>\n\n\n\n<hr class=\"wp-block-separator\"\/>\n\n\n\n<p style=\"color:#ffffff;text-align:center\" class=\"has-text-color has-background has-medium-font-size has-pale-cyan-blue-background-color\"><strong>Programme PING A L&rsquo;ECOLE<\/strong><\/p>\n\n\n\n<p>La Ligue du Grand Est de Tennis de Table a elle aussi d\u00e9velopp\u00e9 un programme complet de d\u00e9veloppement articul\u00e9 autour de plusieurs axes et interconnect\u00e9s entre-eux :<\/p>\n\n\n\n<p><strong>Module de formation initiale enseignant (3h)<\/strong><br>&#8211; Formation \u00e0 l&rsquo;initiation \u00e0 l&rsquo;activit\u00e9 et pr\u00e9sentation d&rsquo;une trame de fonctionnement cl\u00e9 en main<br>&#8211; 2 portes d&rsquo;entr\u00e9e : soit contact direct entre le club et une \u00e9cole; soit formation propos\u00e9e aux Conseillers P\u00e9dagogiques de Circonscription EPS (CPC EPS)<\/p>\n\n\n\n<p><strong>Kit mat\u00e9riel et catalogue p\u00e9dagogique \u00ab\u00a0Pr\u00eat \u00e0 l&#8217;emploi\u00a0\u00bb<\/strong><br>&#8211; Guide reprenant des situations p\u00e9dagogiques de r\u00e9f\u00e9rence le plus souvent sous la forme de jeux ludiques<br>&#8211; Proposition d&rsquo;un kit mat\u00e9riel \u00e0 un tarif avantageux<\/p>\n\n\n\n<p><strong>Mise en relation avec les Comit\u00e9s D\u00e9partementaux pour aide et accompagnement<\/strong><br>&#8211; Possibilit\u00e9 d&rsquo;accompagnement des s\u00e9ances initiales par des professionnels de l&rsquo;activit\u00e9<br>&#8211; Dotation &#8211; Pr\u00eat de mat\u00e9riel<br>&#8211; Mise en place d&rsquo;une \u00e9tape finale avec un club support de proximit\u00e9<\/p>\n\n\n\n<div class=\"wp-block-button aligncenter\"><a class=\"wp-block-button__link\" href=\"https:\/\/www.lgett.fr\/ping-pour-tous\/animation-developpement\/ping-a-lecole\/\">Plus d&rsquo;informations sur le site de la LGETT<\/a><\/div>\n","protected":false},"excerpt":{"rendered":"<p>Diff\u00e9rents outils sont \u00e0 disposition des clubs pour les aider \u00e0 mettre en place des actions avec le monde scolaire : Educ\u2019Ping maternelle : fiches cl\u00e9s en main \u00e0 utiliser dans le cadre de la pratique \u00e0 l&rsquo;\u00e9cole Educ\u2019Ping ARS : cycle de sept s\u00e9ances (PS\/GS) propos\u00e9es dans le cadre des activit\u00e9s p\u00e9riscolaires Le Premier [&hellip;]<\/p>\n","protected":false},"author":2,"featured_media":0,"parent":0,"menu_order":0,"comment_status":"closed","ping_status":"closed","template":"","meta":{"footnotes":""},"class_list":["post-71","page","type-page","status-publish","hentry"],"_links":{"self":[{"href":"https:\/\/cd67tt.com\/index.php\/wp-json\/wp\/v2\/pages\/71","targetHints":{"allow":["GET"]}}],"collection":[{"href":"https:\/\/cd67tt.com\/index.php\/wp-json\/wp\/v2\/pages"}],"about":[{"href":"https:\/\/cd67tt.com\/index.php\/wp-json\/wp\/v2\/types\/page"}],"author":[{"embeddable":true,"href":"https:\/\/cd67tt.com\/index.php\/wp-json\/wp\/v2\/users\/2"}],"replies":[{"embeddable":true,"href":"https:\/\/cd67tt.com\/index.php\/wp-json\/wp\/v2\/comments?post=71"}],"version-history":[{"count":0,"href":"https:\/\/cd67tt.com\/index.php\/wp-json\/wp\/v2\/pages\/71\/revisions"}],"wp:attachment":[{"href":"https:\/\/cd67tt.com\/index.php\/wp-json\/wp\/v2\/media?parent=71"}],"curies":[{"name":"wp","href":"https:\/\/api.w.org\/{rel}","templated":true}]}}